{"id":18529,"date":"2025-01-15T15:01:20","date_gmt":"2025-01-15T15:01:20","guid":{"rendered":"https:\/\/cdd.devtest.host\/?page_id=18529"},"modified":"2025-01-15T15:22:53","modified_gmt":"2025-01-15T15:22:53","slug":"politique-publique-et-projets-structurants","status":"publish","type":"page","link":"https:\/\/cdd.gov.mr\/fr\/politique-publique-et-projets-structurants\/","title":{"rendered":"Politique Publique et Projets Structurants"},"content":{"rendered":"\t\t<div data-elementor-type=\"wp-page\" data-elementor-id=\"18529\" class=\"elementor elementor-18529\">\n\t\t\t\t\t\t<section class=\"elementor-section elementor-top-section elementor-element elementor-element-56b1d93 elementor-section-content-middle elementor-section-boxed elementor-section-height-default elementor-section-height-default\" data-id=\"56b1d93\" data-element_type=\"section\">\n\t\t\t\t\t\t<div class=\"elementor-container elementor-column-gap-default\">\n\t\t\t\t\t<div class=\"elementor-column elementor-col-50 elementor-top-column elementor-element elementor-element-06fd25b\" data-id=\"06fd25b\" data-element_type=\"column\">\n\t\t\t<div class=\"elementor-widget-wrap elementor-element-populated\">\n\t\t\t\t\t\t<div class=\"elementor-element elementor-element-44649d2 elementor-widget elementor-widget-text-editor\" data-id=\"44649d2\" data-element_type=\"widget\" data-widget_type=\"text-editor.default\">\n\t\t\t\t<div class=\"elementor-widget-container\">\n\t\t\t\t\t\t\t\t\t<p>L&rsquo;accompagnement des politiques publiques rentre dans le cadre des missions principales de la Caisse. Les priorit\u00e9s dans ce domaine sont fix\u00e9es en \u00e9troite collaboration avec les acteurs de l\u2019action\u00a0 gouvernementale. C\u2019est ainsi que les actions suivantes ont \u00e9t\u00e9 r\u00e9alis\u00e9es\u00a0:<\/p>\t\t\t\t\t\t\t\t<\/div>\n\t\t\t\t<\/div>\n\t\t\t\t\t<\/div>\n\t\t<\/div>\n\t\t\t\t<div class=\"elementor-column elementor-col-50 elementor-top-column elementor-element elementor-element-f10c0f1 ps-xl-4\" data-id=\"f10c0f1\" data-element_type=\"column\">\n\t\t\t<div class=\"elementor-widget-wrap elementor-element-populated\">\n\t\t\t\t\t\t<div class=\"elementor-element elementor-element-cbfd00b before-pattern elementor-widget elementor-widget-image\" data-id=\"cbfd00b\" data-element_type=\"widget\" data-widget_type=\"image.default\">\n\t\t\t\t<div class=\"elementor-widget-container\">\n\t\t\t\t\t\t\t\t\t\t\t\t\t\t\t<img fetchpriority=\"high\" decoding=\"async\" width=\"330\" height=\"227\" src=\"https:\/\/cdd.gov.mr\/wp-content\/uploads\/2025\/01\/Logement-1.jpg\" class=\"attachment-2048x2048 size-2048x2048 wp-image-18532\" alt=\"\" \/>\t\t\t\t\t\t\t\t\t\t\t\t\t\t\t<\/div>\n\t\t\t\t<\/div>\n\t\t\t\t\t<\/div>\n\t\t<\/div>\n\t\t\t\t\t<\/div>\n\t\t<\/section>\n\t\t<div class=\"elementor-element elementor-element-f51c94e e-flex e-con-boxed e-con e-parent\" data-id=\"f51c94e\" data-element_type=\"container\">\n\t\t\t\t\t<div class=\"e-con-inner\">\n\t\t\t\t<div class=\"elementor-element elementor-element-a97cb15 elementor-widget elementor-widget-text-editor\" data-id=\"a97cb15\" data-element_type=\"widget\" data-widget_type=\"text-editor.default\">\n\t\t\t\t<div class=\"elementor-widget-container\">\n\t\t\t\t\t\t\t\t\t<p><strong>Promotion du logement social<\/strong><\/p><p class=\"rtejustify\">La CDD poursuit ses efforts dans le cadre de la promotion du logement social \u00e0 travers les projets suivants\u00a0:\u00a0<\/p>\t\t\t\t\t\t\t\t<\/div>\n\t\t\t\t<\/div>\n\t\t\t\t\t<\/div>\n\t\t\t\t<\/div>\n\t\t<div class=\"elementor-element elementor-element-5049789 e-flex e-con-boxed e-con e-parent\" data-id=\"5049789\" data-element_type=\"container\">\n\t\t\t\t\t<div class=\"e-con-inner\">\n\t\t\t\t<div class=\"elementor-element elementor-element-8b5156d elementor-widget elementor-widget-text-editor\" data-id=\"8b5156d\" data-element_type=\"widget\" data-widget_type=\"text-editor.default\">\n\t\t\t\t<div class=\"elementor-widget-container\">\n\t\t\t\t\t\t\t\t\t<ul><li class=\"rtejustify\">Le projet de construction de 600 logements de Zouerate : les travaux de constructions sont en phase de r\u00e9ception et en cons\u00e9quence un dispositif pour la commercialisation de ces logements a \u00e9t\u00e9 mis en place dont notamment la cr\u00e9ation d&rsquo;une structure d\u00e9di\u00e9e \u00e0 cette op\u00e9ration.<\/li><li class=\"rtejustify\">\u00a0Le projet de construction de 1159 logements sociaux \u00e0 Nouadhibou : il s&rsquo;agit d&rsquo;un projet pilot\u00e9 par l\u2019agence TADAMOUN et dont la gestion financi\u00e8re est tenue par la Caisse, dans la\u00a0cadre d\u2019une convention de partenariat entre ces deux institutions.<\/li><\/ul>\t\t\t\t\t\t\t\t<\/div>\n\t\t\t\t<\/div>\n\t\t\t\t\t<\/div>\n\t\t\t\t<\/div>\n\t\t<div class=\"elementor-element elementor-element-43ab781 e-flex e-con-boxed e-con e-parent\" data-id=\"43ab781\" data-element_type=\"container\">\n\t\t\t\t\t<div class=\"e-con-inner\">\n\t\t\t\t<div class=\"elementor-element elementor-element-f71952a elementor-widget elementor-widget-text-editor\" data-id=\"f71952a\" data-element_type=\"widget\" data-widget_type=\"text-editor.default\">\n\t\t\t\t<div class=\"elementor-widget-container\">\n\t\t\t\t\t\t\t\t\t<p class=\"rtejustify\"><strong>Insertion de 150 dipl\u00f4m\u00e9s ch\u00f4meurs<\/strong><\/p><p class=\"rtejustify\">Dans le cadre du projet de construction des 600 logements de Zouerate, la CDD en partenariat avec le Minist\u00e8re de l&rsquo;Emploi, de la Formation Professionnelle et des Technologies de l&rsquo;Information et de la Communication (MEFPTIC) et ISKAN a mis en place un programme \u00ab\u00a0stage d&rsquo;apprentissage sur les m\u00e9tiers du BTP\u00bb d\u2019une dur\u00e9e de 18 mois au profit\u00a0 de 150 dipl\u00f4m\u00e9s ch\u00f4meurs.<\/p><p class=\"rtejustify\">Au terme de ce stage, les dipl\u00f4m\u00e9s ch\u00f4meurs ont \u00e9t\u00e9 regroup\u00e9s en 10 GIE BTP l\u00e9galement constitu\u00e9s, en vue d&rsquo;en assurer un accompagnement appropri\u00e9 en mati\u00e8re de financement et d&rsquo;encadrement, qui s\u2019est mat\u00e9rialis\u00e9 par l&rsquo;octroi de cautions de march\u00e9s et des facilit\u00e9s de caisse ainsi que l&rsquo;initiation \u00e0 la gestion de projets, et ce, en partenariat avec le CMAP.<\/p><p class=\"rtejustify\">En outre, pour accompagner certains op\u00e9rateurs parapublics dans la r\u00e9alisation de programmes d\u2019int\u00e9r\u00eat public, la CDD intervient \u00e0 travers des facilit\u00e9s et des concours bancaires. C\u2019est le cas, \u00e0 titre d\u2019illustration, des concours apport\u00e9s \u00e0 l\u2019ATTM pour renforcer ses capacit\u00e9s \u00e0 r\u00e9aliser les grands projets et programmes de l&rsquo;Etat en mati\u00e8re d\u2019infrastructures.<\/p><p class=\"rtejustify\">\u00a0<\/p>\t\t\t\t\t\t\t\t<\/div>\n\t\t\t\t<\/div>\n\t\t\t\t\t<\/div>\n\t\t\t\t<\/div>\n\t\t\t\t<\/div>\n\t\t","protected":false},"excerpt":{"rendered":"<p>L&rsquo;accompagnement des politiques publiques rentre dans le cadre des missions principales de la Caisse. Les priorit\u00e9s dans ce domaine sont fix\u00e9es en \u00e9troite collaboration avec les acteurs de l\u2019action\u00a0 gouvernementale. C\u2019est ainsi que les actions suivantes ont \u00e9t\u00e9 r\u00e9alis\u00e9es\u00a0: Promotion du logement social La CDD poursuit ses efforts dans le cadre de la promotion du<\/p>\n","protected":false},"author":1,"featured_media":0,"parent":0,"menu_order":0,"comment_status":"closed","ping_status":"closed","template":"","meta":{"footnotes":""},"class_list":["post-18529","page","type-page","status-publish","hentry"],"_links":{"self":[{"href":"https:\/\/cdd.gov.mr\/fr\/wp-json\/wp\/v2\/pages\/18529","targetHints":{"allow":["GET"]}}],"collection":[{"href":"https:\/\/cdd.gov.mr\/fr\/wp-json\/wp\/v2\/pages"}],"about":[{"href":"https:\/\/cdd.gov.mr\/fr\/wp-json\/wp\/v2\/types\/page"}],"author":[{"embeddable":true,"href":"https:\/\/cdd.gov.mr\/fr\/wp-json\/wp\/v2\/users\/1"}],"replies":[{"embeddable":true,"href":"https:\/\/cdd.gov.mr\/fr\/wp-json\/wp\/v2\/comments?post=18529"}],"version-history":[{"count":7,"href":"https:\/\/cdd.gov.mr\/fr\/wp-json\/wp\/v2\/pages\/18529\/revisions"}],"predecessor-version":[{"id":18539,"href":"https:\/\/cdd.gov.mr\/fr\/wp-json\/wp\/v2\/pages\/18529\/revisions\/18539"}],"wp:attachment":[{"href":"https:\/\/cdd.gov.mr\/fr\/wp-json\/wp\/v2\/media?parent=18529"}],"curies":[{"name":"wp","href":"https:\/\/api.w.org\/{rel}","templated":true}]}}