{"id":18375,"date":"2024-10-29T09:13:53","date_gmt":"2024-10-29T09:13:53","guid":{"rendered":"https:\/\/cdd.devtest.host\/?page_id=18375"},"modified":"2025-11-14T23:55:06","modified_gmt":"2025-11-14T23:55:06","slug":"mot-du-dg","status":"publish","type":"page","link":"https:\/\/cdd.gov.mr\/fr\/mot-du-dg\/","title":{"rendered":"Mot du DG"},"content":{"rendered":"\t\t<div data-elementor-type=\"wp-page\" data-elementor-id=\"18375\" class=\"elementor elementor-18375\">\n\t\t\t\t\t\t<section class=\"elementor-section elementor-top-section elementor-element elementor-element-56b1d93 elementor-section-content-middle elementor-section-boxed elementor-section-height-default elementor-section-height-default\" data-id=\"56b1d93\" data-element_type=\"section\">\n\t\t\t\t\t\t<div class=\"elementor-container elementor-column-gap-default\">\n\t\t\t\t\t<div class=\"elementor-column elementor-col-50 elementor-top-column elementor-element elementor-element-06fd25b\" data-id=\"06fd25b\" data-element_type=\"column\" data-settings=\"{&quot;background_background&quot;:&quot;classic&quot;}\">\n\t\t\t<div class=\"elementor-widget-wrap elementor-element-populated\">\n\t\t\t\t\t\t<section class=\"elementor-section elementor-inner-section elementor-element elementor-element-d09da1e elementor-section-boxed elementor-section-height-default elementor-section-height-default\" data-id=\"d09da1e\" data-element_type=\"section\">\n\t\t\t\t\t\t<div class=\"elementor-container elementor-column-gap-default\">\n\t\t\t\t\t<div class=\"elementor-column elementor-col-100 elementor-inner-column elementor-element elementor-element-bb838db\" data-id=\"bb838db\" data-element_type=\"column\">\n\t\t\t<div class=\"elementor-widget-wrap elementor-element-populated\">\n\t\t\t\t\t\t<div class=\"elementor-element elementor-element-2bbe943 elementor-widget elementor-widget-image\" data-id=\"2bbe943\" data-element_type=\"widget\" data-widget_type=\"image.default\">\n\t\t\t\t<div class=\"elementor-widget-container\">\n\t\t\t\t\t\t\t\t\t\t\t\t\t\t\t<img fetchpriority=\"high\" decoding=\"async\" width=\"1170\" height=\"694\" src=\"https:\/\/cdd.gov.mr\/wp-content\/uploads\/2025\/02\/img-3-of-8-1170x694.jpg\" class=\"attachment-large size-large wp-image-19055\" alt=\"\" srcset=\"https:\/\/cdd.gov.mr\/wp-content\/uploads\/2025\/02\/img-3-of-8-1170x694.jpg 1170w, https:\/\/cdd.gov.mr\/wp-content\/uploads\/2025\/02\/img-3-of-8-768x456.jpg 768w\" sizes=\"(max-width: 1170px) 100vw, 1170px\" \/>\t\t\t\t\t\t\t\t\t\t\t\t\t\t\t<\/div>\n\t\t\t\t<\/div>\n\t\t\t\t\t<\/div>\n\t\t<\/div>\n\t\t\t\t\t<\/div>\n\t\t<\/section>\n\t\t\t\t\t<\/div>\n\t\t<\/div>\n\t\t\t\t<div class=\"elementor-column elementor-col-50 elementor-top-column elementor-element elementor-element-f10c0f1 ps-xl-4\" data-id=\"f10c0f1\" data-element_type=\"column\">\n\t\t\t<div class=\"elementor-widget-wrap elementor-element-populated\">\n\t\t\t\t\t\t<div class=\"elementor-element elementor-element-0a86125 elementor-widget elementor-widget-lendizsectiontitle\" data-id=\"0a86125\" data-element_type=\"widget\" data-widget_type=\"lendizsectiontitle.default\">\n\t\t\t\t<div class=\"elementor-widget-container\">\n\t\t\t\t\t<div class=\"section-title-wrapper margin-bottom-0\"><div class=\"title-wrap\"><h2 class=\"section-title\">Mot du DG<\/h2><\/div><!-- .title-wrap --><div class=\"section-description\"><p class=\"txt\">Les activit\u00e9s de la Caisse des D\u00e9p\u00f4ts et de D\u00e9veloppement (CDD) se poursuivent et se d\u00e9veloppent jour apr\u00e8s jour, \u00e0 la lumi\u00e8re des missions \u00e0 elle assign\u00e9es, d\u00e9clin\u00e9es en axes strat\u00e9giques dans le cadre de son plan strat\u00e9gique 2024-2028 et du plan d\u2019action qui en d\u00e9coule, en phase avec les priorit\u00e9s de l\u2019action gouvernementale.\n\nLes axes strat\u00e9giques de la CDD portent essentiellement sur : (i) l\u2019appui aux politiques publiques, (ii) le financement du secteur priv\u00e9, (iii) la mobilisation des ressources et (iv) la coop\u00e9ration et les partenariats. \n. <\/p>\n<\/div><!-- .section-description --><\/div><!-- .section-title-wrapper -->\t\t\t\t<\/div>\n\t\t\t\t<\/div>\n\t\t\t\t\t<\/div>\n\t\t<\/div>\n\t\t\t\t\t<\/div>\n\t\t<\/section>\n\t\t<div class=\"elementor-element elementor-element-5b4872b e-flex e-con-boxed e-con e-parent\" data-id=\"5b4872b\" data-element_type=\"container\">\n\t\t\t\t\t<div class=\"e-con-inner\">\n\t\t\t\t<div class=\"elementor-element elementor-element-8407c90 elementor-widget elementor-widget-text-editor\" data-id=\"8407c90\" data-element_type=\"widget\" data-widget_type=\"text-editor.default\">\n\t\t\t\t<div class=\"elementor-widget-container\">\n\t\t\t\t\t\t\t\t\t<p>En mati\u00e8re d\u2019appui aux politiques publiques, l\u2019enveloppe globale de financement accord\u00e9e au titre de l\u2019ann\u00e9e 2023 se chiffre \u00e0 5.290.479.365 MRU d\u00e9notant, ainsi, de la forte implication de l\u2019institution pour ce qui concerne la conception, l\u2019ex\u00e9cution et le financement, de programmes socio\u00e9conomiques prioritaires de l\u2019Etat en relation avec les d\u00e9partements concern\u00e9s, notamment dans les domaines de l\u2019agriculture, de l\u2019\u00e9levage, de la s\u00e9curit\u00e9 alimentaire ou des p\u00eaches. En effet, la CDD a continu\u00e9 \u00e0 assurer la gestion fiduciaire des programmes d\u2019appui au secteur agricole au travers du Programme Intrants Agricoles\u00a0; celui en appui au secteur de l\u2019\u00e9levage, \u00e0 la s\u00e9curit\u00e9 alimentaire\u00a0; du programme de renforcement en capacit\u00e9 de stockage ou le soutien\u00a0 au secteur de la p\u00eache via la conception et le d\u00e9ploiement d\u2019un m\u00e9canisme pour att\u00e9nuer l\u2019impact des prix du carburant sur la comp\u00e9titivit\u00e9 du secteur dans le contexte de la crise \u00e9nerg\u00e9tique, ceci en vertu de la vocation contracyclique associ\u00e9e aux missions des Caisses de D\u00e9p\u00f4ts. La CDD assure \u00e9galement le reporting p\u00e9riodique de ces programmes comme elle participe activement \u00e0 leur suivi, dans le cadre des dispositifs mis en place par les conventions entre parties qui en encadrent les contours et le contenu.<\/p><p>Concernant le financement du secteur priv\u00e9 qui s\u2019\u00e9l\u00e8ve, tout portefeuille confondu, en 2023, \u00e0 1.222.106.345 MRU, on notera que les performances en la mati\u00e8re ont \u00e9t\u00e9 significativement consolid\u00e9es. C\u2019est ainsi qu\u2019une enveloppe de 460 millions MRU a \u00e9t\u00e9 accord\u00e9e aux PME\/PMI en 2023 contre 169 millions MRU en 2022, soit une croissance de 172\u00a0%.<\/p><p>S\u2019agissant de la microfinance et, plus globalement, de l\u2019inclusion financi\u00e8re, un d\u00e9veloppement significatif des op\u00e9rations a \u00e9t\u00e9 observ\u00e9 en 2023 notamment \u00e0 travers divers programmes men\u00e9s en relation avec les Pouvoirs publics, en particulier le Minist\u00e8re en charge de l\u2019Emploi, programmes o\u00f9 la CDD a \u00e9t\u00e9 activement impliqu\u00e9e en tant que gestionnaire fiduciaire, au terme d\u2019accords-cadres et de conventions sp\u00e9cifiques conclus entre parties concern\u00e9es. L\u2019enveloppe allou\u00e9e dans ce cadre a atteint, en 2023, un montant de 207 millions MRU, ce qui d\u00e9note de l\u2019importance de la contribution de la CDD dans la r\u00e9alisation des objectifs nationaux en mati\u00e8re d\u2019inclusion financi\u00e8re et de promotion de l\u2019acc\u00e8s de tous aux services bancaires et financiers.<\/p><p>Outre les financements sous forme d\u2019appui aux politiques publiques et de concours au secteur priv\u00e9, y compris les programmes de la microfinance, la CDD intervient \u00e9galementsous d\u2019autres formes tels des placements dans les banques primaires, placements qui participent de l\u2019\u00e9largissement du financement \u00e0 l\u2019\u00e9conomie avec une enveloppe qui a atteint, au 31.12.2023, plus de 700 millions MRU, ramenant donc l\u2019ardoise globale distribu\u00e9e \u00e06.512.585.710 MRU.<\/p><p>S\u2019agissant de la mobilisation de ressources, il y a lieu de noter le partenariat conclu avec le Fonds de Solidarit\u00e9 Africain (FSA), organisme de garantie \u00e0 l\u2019\u00e9chelle du continent africain, qui devrait permettre un big push au financement de projets structurants en ligne avec les orientations gouvernementales. La pr\u00e9paration et le lancement effectif de l\u2019\u00e9tude d\u2019opportunit\u00e9 approfondie engag\u00e9e par la CDD, avec l\u2019appui technique et financier de l\u2019AFD, d\u2019Expertise France, de la CDC-France et du Forum des Caisses, au sujet de l\u2019\u00e9pargne de la diaspora, proc\u00e8dent de cet imp\u00e9ratif de mobiliser davantage de ressources durables au service du d\u00e9veloppement de l\u2019\u00e9conomie. Les r\u00e9sultats attendus de cette importante \u00e9tude -probablement pour fin 2024 \u2013 men\u00e9e en collaboration avec les services de la BCM et les autres d\u00e9partements concern\u00e9s, devraient permettre d\u2019explorer et d\u2019avancer sur la voie de mesures concr\u00e8tes \u00e0 entreprendre au niveau national en termes de produits d\u2019\u00e9pargne adapt\u00e9s et de strat\u00e9gie de distribution \u00e0 d\u00e9rouler.\u00a0<\/p><p>Sur ce m\u00eame registre, une importante action concernant les transactions li\u00e9es \u00e0 l\u2019activit\u00e9 des notaires a \u00e9t\u00e9 initi\u00e9e dans le cadre d\u2019une collaboration avec les structures comp\u00e9tentes du Minist\u00e8re des Finances en l\u2019occurrence les directions charg\u00e9es du Tr\u00e9sor et des Domaines et Patrimoine de l\u2019\u00c9tat. Ce chantier, \u00e0 un stade avanc\u00e9, devrait permettre de moderniser les paiements associ\u00e9s aux transactions de l\u2019activit\u00e9 de notaire, d\u2019en assurer plus de tra\u00e7abilit\u00e9 et, \u00e0 terme, d\u2019aborder la question des d\u00e9p\u00f4ts des notaires pour leur meilleure insertion dans le circuit \u00e9conomique et leur transformation, au moins en partie, au service de l\u2019\u00e9conomie nationale.<\/p><p>Ce qui m\u2019am\u00e8ne \u00e0 aborder, succinctement, le chantier de modernisation des m\u00e9tiers de la Caisse au travers de la digitalisation de ses outils. On citera, \u00e0 titre d\u2019illustration, le renforcement du syst\u00e8me d\u2019information de la Caisse, l\u2019initiation, en cours, d\u2019une application contre le blanchiment d\u2019argent, la gestion des demandes de financement et l\u2019alignement \u00e0 des applications, telle la t\u00e9l\u00e9compense, r\u00e9alis\u00e9es dans le cadre d\u2019un train de r\u00e9formes en cours initi\u00e9es par la BCM.<\/p><p>L\u2019ann\u00e9e 2023 a \u00e9t\u00e9 marqu\u00e9e aussi par l\u2019importance des activit\u00e9s de coop\u00e9ration et de partenariat. C\u2019est ainsi que la CDD a pris part et contribu\u00e9 \u00e0 divers panels et rencontres d\u2019int\u00e9r\u00eat pour les Caisses de D\u00e9p\u00f4ts en relation avec les Caisses cons\u0153urs et les partenaires dans le cadre du Forum des Caisses des D\u00e9p\u00f4ts. Rappelons, \u00e0 cet \u00e9gard, qu\u2019en 2023, la CDD a \u00e9t\u00e9 d\u00e9sign\u00e9e, \u00e0 l\u2019unanimit\u00e9, pour assurer la pr\u00e9sidence du Forum des Caisses de D\u00e9p\u00f4ts pour un mandat de deux ans (2023-2025),\u00a0au terme duquel elle organisera, \u00e0 Nouakchott, la 8<sup>\u00e8me<\/sup> \u00e9dition de la Conf\u00e9rence Internationale du Forum des Caisses.<\/p><p>Au plan financier, les \u00e9tats de l\u2019exercice 2023 font ressortir un total de bilan de 15.8 milliards MRU, un total d\u2019hors-bilan de 3.2 milliards\u00a0MRU et un r\u00e9sultat positif de 38.1 millions MRU. Les ressources du bilan sont essentiellement compos\u00e9es des d\u00e9p\u00f4ts et consignations aupr\u00e8s de la Caisse (7.6 milliards MRU),emprunt local (0.54 milliard), de capitaux propres (1.4 milliard) et d\u2019emprunts (1.3 milliard). Cot\u00e9 emploi, l\u2019essentiel de l\u2019actif est compos\u00e9 de\u00a0: (i) tr\u00e9sorerie (5.3 milliards), (ii) de cr\u00e9dits \u00e0 la client\u00e8le (3.7 milliards) et (iii) de placements \u00e0 terme aupr\u00e8s du syst\u00e8me bancaire (0.7 milliard).<\/p><p><strong>M. Mohameden CHEIKH ABDELLAHI<\/strong><\/p>\t\t\t\t\t\t\t\t<\/div>\n\t\t\t\t<\/div>\n\t\t\t\t\t<\/div>\n\t\t\t\t<\/div>\n\t\t\t\t<\/div>\n\t\t","protected":false},"excerpt":{"rendered":"<p>Mot du DG Les activit\u00e9s de la Caisse des D\u00e9p\u00f4ts et de D\u00e9veloppement (CDD) se poursuivent et se d\u00e9veloppent jour apr\u00e8s jour, \u00e0 la lumi\u00e8re des missions \u00e0 elle assign\u00e9es, d\u00e9clin\u00e9es en axes strat\u00e9giques dans le cadre de son plan strat\u00e9gique 2024-2028 et du plan d\u2019action qui en d\u00e9coule, en phase avec les priorit\u00e9s de<\/p>\n","protected":false},"author":1,"featured_media":0,"parent":0,"menu_order":0,"comment_status":"closed","ping_status":"closed","template":"","meta":{"footnotes":""},"class_list":["post-18375","page","type-page","status-publish","hentry"],"_links":{"self":[{"href":"https:\/\/cdd.gov.mr\/fr\/wp-json\/wp\/v2\/pages\/18375","targetHints":{"allow":["GET"]}}],"collection":[{"href":"https:\/\/cdd.gov.mr\/fr\/wp-json\/wp\/v2\/pages"}],"about":[{"href":"https:\/\/cdd.gov.mr\/fr\/wp-json\/wp\/v2\/types\/page"}],"author":[{"embeddable":true,"href":"https:\/\/cdd.gov.mr\/fr\/wp-json\/wp\/v2\/users\/1"}],"replies":[{"embeddable":true,"href":"https:\/\/cdd.gov.mr\/fr\/wp-json\/wp\/v2\/comments?post=18375"}],"version-history":[{"count":35,"href":"https:\/\/cdd.gov.mr\/fr\/wp-json\/wp\/v2\/pages\/18375\/revisions"}],"predecessor-version":[{"id":19566,"href":"https:\/\/cdd.gov.mr\/fr\/wp-json\/wp\/v2\/pages\/18375\/revisions\/19566"}],"wp:attachment":[{"href":"https:\/\/cdd.gov.mr\/fr\/wp-json\/wp\/v2\/media?parent=18375"}],"curies":[{"name":"wp","href":"https:\/\/api.w.org\/{rel}","templated":true}]}}