{"id":18258,"date":"2024-09-20T06:59:22","date_gmt":"2024-09-20T06:59:22","guid":{"rendered":"https:\/\/cdd.devtest.host\/?page_id=18258"},"modified":"2025-02-12T22:30:51","modified_gmt":"2025-02-12T22:30:51","slug":"foremi","status":"publish","type":"page","link":"https:\/\/cdd.gov.mr\/fr\/foremi\/","title":{"rendered":"FOREMI"},"content":{"rendered":"\t\t<div data-elementor-type=\"wp-page\" data-elementor-id=\"18258\" class=\"elementor elementor-18258\">\n\t\t\t\t<div class=\"elementor-element elementor-element-0d11ba2 e-flex e-con-boxed e-con e-parent\" data-id=\"0d11ba2\" data-element_type=\"container\">\n\t\t\t\t\t<div class=\"e-con-inner\">\n\t\t<div class=\"elementor-element elementor-element-440f4e2 e-con-full e-flex e-con e-child\" data-id=\"440f4e2\" data-element_type=\"container\">\n\t\t\t\t<div class=\"elementor-element elementor-element-aa5eafb elementor-widget elementor-widget-heading\" data-id=\"aa5eafb\" data-element_type=\"widget\" data-widget_type=\"heading.default\">\n\t\t\t\t<div class=\"elementor-widget-container\">\n\t\t\t\t\t<h2 class=\"elementor-heading-title elementor-size-default\">FOREMI<\/h2>\t\t\t\t<\/div>\n\t\t\t\t<\/div>\n\t\t\t\t<div class=\"elementor-element elementor-element-14c8374 elementor-widget elementor-widget-text-editor\" data-id=\"14c8374\" data-element_type=\"widget\" data-widget_type=\"text-editor.default\">\n\t\t\t\t<div class=\"elementor-widget-container\">\n\t\t\t\t\t\t\t\t\t<p>En 2016, il a \u00e9t\u00e9 cr\u00e9\u00e9 au sein de la CDD, un Fonds de Refinancement des Institutions de Microfinance\u00a0 sous forme d&rsquo;\u00e9tablissement de cr\u00e9dit d\u00e9nomm\u00e9 FOREMI.<\/p><p>L&rsquo;objectif global du FOREMI est de promouvoir durablement un financement adapt\u00e9 aux besoins des institutions de microfinance (IMF) et, par-del\u00e0, aux b\u00e9n\u00e9ficiaires finaux.<\/p>\t\t\t\t\t\t\t\t<\/div>\n\t\t\t\t<\/div>\n\t\t\t\t<\/div>\n\t\t<div class=\"elementor-element elementor-element-8648b99 e-con-full e-flex e-con e-child\" data-id=\"8648b99\" data-element_type=\"container\">\n\t\t\t\t<div class=\"elementor-element elementor-element-f58968b frm elementor-widget elementor-widget-image\" data-id=\"f58968b\" data-element_type=\"widget\" data-widget_type=\"image.default\">\n\t\t\t\t<div class=\"elementor-widget-container\">\n\t\t\t\t\t\t\t\t\t\t\t\t\t\t\t<img decoding=\"async\" width=\"121\" height=\"120\" src=\"https:\/\/cdd.gov.mr\/wp-content\/uploads\/2025\/01\/dd.png\" class=\"attachment-large size-large wp-image-18660\" alt=\"\" srcset=\"https:\/\/cdd.gov.mr\/wp-content\/uploads\/2025\/01\/dd.png 121w, https:\/\/cdd.gov.mr\/wp-content\/uploads\/2025\/01\/dd-80x80.png 80w\" sizes=\"(max-width: 121px) 100vw, 121px\" \/>\t\t\t\t\t\t\t\t\t\t\t\t\t\t\t<\/div>\n\t\t\t\t<\/div>\n\t\t\t\t<\/div>\n\t\t\t\t\t<\/div>\n\t\t\t\t<\/div>\n\t\t<div class=\"elementor-element elementor-element-cfa1220 e-flex e-con-boxed e-con e-parent\" data-id=\"cfa1220\" data-element_type=\"container\">\n\t\t\t\t\t<div class=\"e-con-inner\">\n\t\t\t\t<div class=\"elementor-element elementor-element-e09e6e3 elementor-widget elementor-widget-text-editor\" data-id=\"e09e6e3\" data-element_type=\"widget\" data-widget_type=\"text-editor.default\">\n\t\t\t\t<div class=\"elementor-widget-container\">\n\t\t\t\t\t\t\t\t\t<p class=\"rtejustify\">Les interventions de ce fonds portent en particulier sur :<\/p><ul><li class=\"rtejustify\">La centralisation de la gestion des lignes de cr\u00e9dits et de toutes autres ressources orient\u00e9es vers le financement de la microfinance;<\/li><li class=\"rtejustify\">La mobilisation des ressources n\u00e9cessaires au d\u00e9veloppement du secteur de la microfinance, aupr\u00e8s des partenaires traditionnels et de toutes autres sources de financement adapt\u00e9;<\/li><li class=\"rtejustify\">L&rsquo;instauration d&rsquo;un cadre de gestion coh\u00e9rent des interventions des partenaires en faveur de la microfinance;<\/li><li class=\"rtejustify\">Le financement et le refinancement des IMF au service du d\u00e9veloppement et de la diversification de l&rsquo;offre de la microfinance;<\/li><li class=\"rtejustify\">Le renforcement des capacit\u00e9s des IMF.<\/li><\/ul><p class=\"rtejustify\">L&rsquo;administration et la gestion du fonds sont assur\u00e9es par un comit\u00e9 de cr\u00e9dit et une unit\u00e9 de gestion. Les approbations et adoptions des textes et rapports du fonds sont du ressort du dispositif institutionnel\u00a0 de la CDD.<\/p><p class=\"rtejustify\">Le FOREMI a commenc\u00e9 ses activit\u00e9s en 2017 par\u00a0 la d\u00e9signation de son coordinateur et l&rsquo;engagement du processus de recrutement d&rsquo;un bureau qui sera charg\u00e9 de l&rsquo;assistance technique du Fonds.<\/p>\t\t\t\t\t\t\t\t<\/div>\n\t\t\t\t<\/div>\n\t\t\t\t\t<\/div>\n\t\t\t\t<\/div>\n\t\t\t\t<\/div>\n\t\t","protected":false},"excerpt":{"rendered":"<p>FOREMI En 2016, il a \u00e9t\u00e9 cr\u00e9\u00e9 au sein de la CDD, un Fonds de Refinancement des Institutions de Microfinance\u00a0 sous forme d&rsquo;\u00e9tablissement de cr\u00e9dit d\u00e9nomm\u00e9 FOREMI. L&rsquo;objectif global du FOREMI est de promouvoir durablement un financement adapt\u00e9 aux besoins des institutions de microfinance (IMF) et, par-del\u00e0, aux b\u00e9n\u00e9ficiaires finaux. Les interventions de ce fonds<\/p>\n","protected":false},"author":1,"featured_media":0,"parent":0,"menu_order":0,"comment_status":"closed","ping_status":"closed","template":"","meta":{"footnotes":""},"class_list":["post-18258","page","type-page","status-publish","hentry"],"_links":{"self":[{"href":"https:\/\/cdd.gov.mr\/fr\/wp-json\/wp\/v2\/pages\/18258","targetHints":{"allow":["GET"]}}],"collection":[{"href":"https:\/\/cdd.gov.mr\/fr\/wp-json\/wp\/v2\/pages"}],"about":[{"href":"https:\/\/cdd.gov.mr\/fr\/wp-json\/wp\/v2\/types\/page"}],"author":[{"embeddable":true,"href":"https:\/\/cdd.gov.mr\/fr\/wp-json\/wp\/v2\/users\/1"}],"replies":[{"embeddable":true,"href":"https:\/\/cdd.gov.mr\/fr\/wp-json\/wp\/v2\/comments?post=18258"}],"version-history":[{"count":28,"href":"https:\/\/cdd.gov.mr\/fr\/wp-json\/wp\/v2\/pages\/18258\/revisions"}],"predecessor-version":[{"id":18897,"href":"https:\/\/cdd.gov.mr\/fr\/wp-json\/wp\/v2\/pages\/18258\/revisions\/18897"}],"wp:attachment":[{"href":"https:\/\/cdd.gov.mr\/fr\/wp-json\/wp\/v2\/media?parent=18258"}],"curies":[{"name":"wp","href":"https:\/\/api.w.org\/{rel}","templated":true}]}}