{"id":18255,"date":"2024-09-20T06:58:46","date_gmt":"2024-09-20T06:58:46","guid":{"rendered":"https:\/\/cdd.devtest.host\/?page_id=18255"},"modified":"2025-02-12T22:10:15","modified_gmt":"2025-02-12T22:10:15","slug":"novec-mauritanie","status":"publish","type":"page","link":"https:\/\/cdd.gov.mr\/fr\/novec-mauritanie\/","title":{"rendered":"Novec Mauritanie"},"content":{"rendered":"\t\t<div data-elementor-type=\"wp-page\" data-elementor-id=\"18255\" class=\"elementor elementor-18255\">\n\t\t\t\t\t\t<section class=\"elementor-section elementor-top-section elementor-element elementor-element-56b1d93 elementor-section-content-middle elementor-section-boxed elementor-section-height-default elementor-section-height-default\" data-id=\"56b1d93\" data-element_type=\"section\">\n\t\t\t\t\t\t<div class=\"elementor-container elementor-column-gap-default\">\n\t\t\t\t\t<div class=\"elementor-column elementor-col-50 elementor-top-column elementor-element elementor-element-06fd25b\" data-id=\"06fd25b\" data-element_type=\"column\">\n\t\t\t<div class=\"elementor-widget-wrap elementor-element-populated\">\n\t\t\t\t\t\t<div class=\"elementor-element elementor-element-0a86125 elementor-widget elementor-widget-lendizsectiontitle\" data-id=\"0a86125\" data-element_type=\"widget\" data-widget_type=\"lendizsectiontitle.default\">\n\t\t\t\t<div class=\"elementor-widget-container\">\n\t\t\t\t\t<div class=\"section-title-wrapper margin-bottom-0\"><div class=\"title-wrap\"><h2 class=\"section-title\">Novec Mauritanie<\/h2><\/div><!-- .title-wrap --><div class=\"section-description\"><\/div><!-- .section-description --><\/div><!-- .section-title-wrapper -->\t\t\t\t<\/div>\n\t\t\t\t<\/div>\n\t\t\t\t<section class=\"elementor-section elementor-inner-section elementor-element elementor-element-d09da1e elementor-section-boxed elementor-section-height-default elementor-section-height-default\" data-id=\"d09da1e\" data-element_type=\"section\">\n\t\t\t\t\t\t<div class=\"elementor-container elementor-column-gap-default\">\n\t\t\t\t\t<div class=\"elementor-column elementor-col-100 elementor-inner-column elementor-element elementor-element-bb838db\" data-id=\"bb838db\" data-element_type=\"column\">\n\t\t\t<div class=\"elementor-widget-wrap elementor-element-populated\">\n\t\t\t\t\t\t<div class=\"elementor-element elementor-element-b97b40b elementor-widget elementor-widget-text-editor\" data-id=\"b97b40b\" data-element_type=\"widget\" data-widget_type=\"text-editor.default\">\n\t\t\t\t<div class=\"elementor-widget-container\">\n\t\t\t\t\t\t\t\t\t<p>Novec-Mauritanie est une soci\u00e9t\u00e9 anonyme simplifi\u00e9e de droit mauritanien cr\u00e9\u00e9e en Septembre 2014 dans le cadre d\u2019un\u00a0 partenariat fructueux\u00a0 entre la CDD et la Caisse de D\u00e9p\u00f4t et de Gestion du Maroc (CDG) \u00e0 travers son bureau d\u2019\u00e9tudes (Novec) affili\u00e9 \u00e0 la CDG-D\u00e9veloppement.<\/p><p class=\"rtejustify\">Cette soci\u00e9t\u00e9 est d\u00e9tenue \u00e0 51% par la CDD et \u00e0 hauteur de 49% par la partie CDG Maroc.<\/p>\t\t\t\t\t\t\t\t<\/div>\n\t\t\t\t<\/div>\n\t\t\t\t\t<\/div>\n\t\t<\/div>\n\t\t\t\t\t<\/div>\n\t\t<\/section>\n\t\t\t\t\t<\/div>\n\t\t<\/div>\n\t\t\t\t<div class=\"elementor-column elementor-col-50 elementor-top-column elementor-element elementor-element-f10c0f1 ps-xl-4\" data-id=\"f10c0f1\" data-element_type=\"column\">\n\t\t\t<div class=\"elementor-widget-wrap elementor-element-populated\">\n\t\t\t\t\t\t<div class=\"elementor-element elementor-element-cbfd00b before-pattern elementor-widget elementor-widget-image\" data-id=\"cbfd00b\" data-element_type=\"widget\" data-widget_type=\"image.default\">\n\t\t\t\t<div class=\"elementor-widget-container\">\n\t\t\t\t\t\t\t\t\t\t\t\t\t\t\t<img fetchpriority=\"high\" decoding=\"async\" width=\"520\" height=\"181\" src=\"https:\/\/cdd.gov.mr\/wp-content\/uploads\/2025\/01\/Screenshot-2025-01-30-111422-1.png\" class=\"attachment-full size-full wp-image-18714\" alt=\"\" \/>\t\t\t\t\t\t\t\t\t\t\t\t\t\t\t<\/div>\n\t\t\t\t<\/div>\n\t\t\t\t\t<\/div>\n\t\t<\/div>\n\t\t\t\t\t<\/div>\n\t\t<\/section>\n\t\t<div class=\"elementor-element elementor-element-f964c44 e-flex e-con-boxed e-con e-parent\" data-id=\"f964c44\" data-element_type=\"container\">\n\t\t\t\t\t<div class=\"e-con-inner\">\n\t\t\t\t<div class=\"elementor-element elementor-element-9bb2e74 elementor-widget elementor-widget-text-editor\" data-id=\"9bb2e74\" data-element_type=\"widget\" data-widget_type=\"text-editor.default\">\n\t\t\t\t<div class=\"elementor-widget-container\">\n\t\t\t\t\t\t\t\t\t<p class=\"rtejustify\">Le bureau d\u2019\u00e9tudes Novec \u00e9volue dans les domaines d\u2019\u00e9tudes, de conseils et d\u2019ing\u00e9nierie avec une exp\u00e9rience nationale et sous r\u00e9gionale av\u00e9r\u00e9e. Dans le cadre de la mise en \u0153uvre de cette nouvelle soci\u00e9t\u00e9, les engagements des deux parties se pr\u00e9sentent comme suit :<\/p><ul><li class=\"rtejustify\">NOVEC s\u2019engage \u00e0 apporter l\u2019expertise, les r\u00e9f\u00e9rences et les moyens humains n\u00e9cessaires pour une r\u00e9alisation optimale des projets;<\/li><li class=\"rtejustify\">La CDD, quant \u00e0 elle, s\u2019engage \u00e0 apporter la connaissance du march\u00e9, le carnet d\u2019adresses et les sources d\u2019informations locales et sous r\u00e9gionales pour le d\u00e9veloppement du carnet de commande du bureau d\u2019\u00e9tudes.<\/li><\/ul><p class=\"rtejustify\">En 2017, NOVEC-Mauritanie continue \u00e0 prospecter le march\u00e9 local, des perspectives\u00a0 sont \u00e0 l&rsquo;horizon dans plusieurs secteurs d&rsquo;activit\u00e9 (Agriculture, Habitat, Environnement, Am\u00e9nagement Urbain etc.).<\/p><p class=\"rtejustify\">Par ailleurs, NOVEC-Mauritanie continue le suivi des travaux de g\u00e9nie civil de l&rsquo;usine des dattes \u00e0 Atar ainsi que la r\u00e9ception et l&rsquo;installation des \u00e9quipements de froids de l&rsquo;usine.<\/p><p class=\"rtejustify\">\u00a0<\/p>\t\t\t\t\t\t\t\t<\/div>\n\t\t\t\t<\/div>\n\t\t\t\t\t<\/div>\n\t\t\t\t<\/div>\n\t\t\t\t<\/div>\n\t\t","protected":false},"excerpt":{"rendered":"<p>Novec Mauritanie Novec-Mauritanie est une soci\u00e9t\u00e9 anonyme simplifi\u00e9e de droit mauritanien cr\u00e9\u00e9e en Septembre 2014 dans le cadre d\u2019un\u00a0 partenariat fructueux\u00a0 entre la CDD et la Caisse de D\u00e9p\u00f4t et de Gestion du Maroc (CDG) \u00e0 travers son bureau d\u2019\u00e9tudes (Novec) affili\u00e9 \u00e0 la CDG-D\u00e9veloppement. Cette soci\u00e9t\u00e9 est d\u00e9tenue \u00e0 51% par la CDD et<\/p>\n","protected":false},"author":1,"featured_media":0,"parent":0,"menu_order":0,"comment_status":"closed","ping_status":"closed","template":"","meta":{"footnotes":""},"class_list":["post-18255","page","type-page","status-publish","hentry"],"_links":{"self":[{"href":"https:\/\/cdd.gov.mr\/fr\/wp-json\/wp\/v2\/pages\/18255","targetHints":{"allow":["GET"]}}],"collection":[{"href":"https:\/\/cdd.gov.mr\/fr\/wp-json\/wp\/v2\/pages"}],"about":[{"href":"https:\/\/cdd.gov.mr\/fr\/wp-json\/wp\/v2\/types\/page"}],"author":[{"embeddable":true,"href":"https:\/\/cdd.gov.mr\/fr\/wp-json\/wp\/v2\/users\/1"}],"replies":[{"embeddable":true,"href":"https:\/\/cdd.gov.mr\/fr\/wp-json\/wp\/v2\/comments?post=18255"}],"version-history":[{"count":25,"href":"https:\/\/cdd.gov.mr\/fr\/wp-json\/wp\/v2\/pages\/18255\/revisions"}],"predecessor-version":[{"id":18878,"href":"https:\/\/cdd.gov.mr\/fr\/wp-json\/wp\/v2\/pages\/18255\/revisions\/18878"}],"wp:attachment":[{"href":"https:\/\/cdd.gov.mr\/fr\/wp-json\/wp\/v2\/media?parent=18255"}],"curies":[{"name":"wp","href":"https:\/\/api.w.org\/{rel}","templated":true}]}}