{"id":18252,"date":"2024-09-20T06:58:12","date_gmt":"2024-09-20T06:58:12","guid":{"rendered":"https:\/\/cdd.devtest.host\/?page_id=18252"},"modified":"2025-02-12T22:03:54","modified_gmt":"2025-02-12T22:03:54","slug":"le-credit-agricole-de-mauritanie-cam","status":"publish","type":"page","link":"https:\/\/cdd.gov.mr\/fr\/le-credit-agricole-de-mauritanie-cam\/","title":{"rendered":"Le Cr\u00e9dit Agricole de Mauritanie (CAM)"},"content":{"rendered":"\t\t<div data-elementor-type=\"wp-page\" data-elementor-id=\"18252\" class=\"elementor elementor-18252\">\n\t\t\t\t<div class=\"elementor-element elementor-element-d5af372 e-flex e-con-boxed e-con e-parent\" data-id=\"d5af372\" data-element_type=\"container\">\n\t\t\t\t\t<div class=\"e-con-inner\">\n\t\t<div class=\"elementor-element elementor-element-c4d9294 e-con-full e-flex e-con e-child\" data-id=\"c4d9294\" data-element_type=\"container\">\n\t\t\t\t<div class=\"elementor-element elementor-element-bd6438d elementor-widget elementor-widget-lendizsectiontitle\" data-id=\"bd6438d\" data-element_type=\"widget\" data-widget_type=\"lendizsectiontitle.default\">\n\t\t\t\t<div class=\"elementor-widget-container\">\n\t\t\t\t\t<div class=\"section-title-wrapper margin-bottom-0\"><div class=\"title-wrap\"><h2 class=\"section-title\">Le Cr\u00e9dit Agricole de Mauritanie (CAM)<\/h2><\/div><!-- .title-wrap --><div class=\"section-description\"><\/div><!-- .section-description --><\/div><!-- .section-title-wrapper -->\t\t\t\t<\/div>\n\t\t\t\t<\/div>\n\t\t\t\t<div class=\"elementor-element elementor-element-baccd71 elementor-widget elementor-widget-text-editor\" data-id=\"baccd71\" data-element_type=\"widget\" data-widget_type=\"text-editor.default\">\n\t\t\t\t<div class=\"elementor-widget-container\">\n\t\t\t\t\t\t\t\t\t<p class=\"rtejustify\">Le Cr\u00e9dit Agricole de Mauritanie (CAM) est une soci\u00e9t\u00e9 anonyme cr\u00e9\u00e9e en date du 29\/05\/2015 bas\u00e9e \u00e0 Rosso et d\u00e9tenue \u00e0 100% par la CDD.<\/p><p class=\"rtejustify\">Cette filiale d\u00e9di\u00e9e au financement de l\u2019agriculture a \u00e9t\u00e9 mise en place pour des raisons pratiques et de performance en rapport avec les sp\u00e9cificit\u00e9s de cette activit\u00e9 d\u2019importance strat\u00e9gique.<\/p>\t\t\t\t\t\t\t\t<\/div>\n\t\t\t\t<\/div>\n\t\t\t\t<\/div>\n\t\t<div class=\"elementor-element elementor-element-055cae2 e-con-full e-flex e-con e-child\" data-id=\"055cae2\" data-element_type=\"container\">\n\t\t\t\t<div class=\"elementor-element elementor-element-bdefd5f before-pattern elementor-widget elementor-widget-image\" data-id=\"bdefd5f\" data-element_type=\"widget\" data-widget_type=\"image.default\">\n\t\t\t\t<div class=\"elementor-widget-container\">\n\t\t\t\t\t\t\t\t\t\t\t\t\t\t\t<img fetchpriority=\"high\" decoding=\"async\" width=\"516\" height=\"358\" src=\"https:\/\/cdd.gov.mr\/wp-content\/uploads\/2025\/01\/ds.jpg\" class=\"attachment-full size-full wp-image-18659\" alt=\"\" \/>\t\t\t\t\t\t\t\t\t\t\t\t\t\t\t<\/div>\n\t\t\t\t<\/div>\n\t\t\t\t<\/div>\n\t\t\t\t\t<\/div>\n\t\t\t\t<\/div>\n\t\t<div class=\"elementor-element elementor-element-00402c5 e-flex e-con-boxed e-con e-parent\" data-id=\"00402c5\" data-element_type=\"container\">\n\t\t\t\t\t<div class=\"e-con-inner\">\n\t\t\t\t<div class=\"elementor-element elementor-element-bb587d8 elementor-widget elementor-widget-text-editor\" data-id=\"bb587d8\" data-element_type=\"widget\" data-widget_type=\"text-editor.default\">\n\t\t\t\t<div class=\"elementor-widget-container\">\n\t\t\t\t\t\t\t\t\t<p>L\u2019impact restructurant et les perspectives de d\u00e9veloppement de cet instrument dont d\u00e9pendent deux antennes dont une \u00e0 Ka\u00e9di et l\u2019autre \u00e0 Bogh\u00e9 sont promoteurs.<\/p><p><strong><u>Gamme de financement<\/u><\/strong><\/p><p>\u00a0\u00a0\u00a0\u00a0\u00a0\u00a0\u00a0\u00a0\u00a0<strong>Cr\u00e9dit \u00e0 court terme :<\/strong><\/p><ul><li>Financement des intrants agricoles\u00a0\u00a0<\/li><li>Besoins de tr\u00e9sorerie<\/li><li>Financement de la commercialisation<\/li><\/ul><p>\u00a0\u00a0\u00a0\u00a0\u00a0\u00a0\u00a0\u00a0\u00a0<strong>Cr\u00e9dit \u00e0 moyens terme :<\/strong><\/p><ul><li>Acquisition et r\u00e9paration des mat\u00e9riels d&rsquo;irrigations<\/li><li>Acquisition du mat\u00e9riel agricole (Tracteurs et moissonneuses batteuses)<\/li><\/ul><p>\u00a0<strong>Cr\u00e9dit \u00e0 long terme :<\/strong><\/p><ul><li>R\u00e9habilitation<\/li><li>Financement des usines.<\/li><\/ul><p class=\"rtejustify\">Au cours de l&rsquo;ann\u00e9e 2017, le CAM a financ\u00e9, 174 dossiers pour une enveloppe de 744 millions MRO, ce qui a permis la mise en valeur de plus de 4.900 ha. Le tableau ci-apr\u00e8s pr\u00e9sente la r\u00e9partition de ces financements par nature de client et zone d\u2019intervention.<\/p><p><img decoding=\"async\" src=\"http:\/\/cdd.gov.mr\/sites\/default\/files\/fichiers\/CAM1.jpg\" alt=\"\" \/>L&rsquo;activit\u00e9 du CAM au cours de l&rsquo;exercice 2017 a \u00e9t\u00e9 marqu\u00e9e par :<\/p><p><strong>Le financement de la campagne de contre saison :<\/strong>\u00a0au cours de cette campagne, 75 dossiers de financement ont \u00e9t\u00e9 accord\u00e9s pour une enveloppe globale de 266 millions\u00a0 d&rsquo;Ouguiyas, se rapportant \u00e0 la mise en valeur d&rsquo;une superficie de 1 743 ha ;\u00a0\u00a0<\/p><ul><li class=\"rtejustify\"><strong>Le financement de la campagne hivernale :<\/strong>\u00a0pour cette campagne, 3 157 ha sont mis en valeur \u00e0 travers le financement de 99 dossiers pour un montant total de 478 millions d&rsquo;Ouguiyas ;<\/li><li class=\"rtejustify\"><strong>La gestion du mat\u00e9riel agricole :<\/strong>\u00a0il s&rsquo;agit d&rsquo;un lot de mat\u00e9riel agricole compos\u00e9 de 50 brigades, dont la gestion a \u00e9t\u00e9 assur\u00e9e par le CAM, en tant que filiale sp\u00e9cialis\u00e9e.<\/li><\/ul><p class=\"rtejustify\">Au 31\/12\/2017,\u00a0 43 brigades ont \u00e9t\u00e9 c\u00e9d\u00e9es aux agriculteurs, conform\u00e9ment aux conditions d\u00e9finies par les Autorit\u00e9s.<\/p>\t\t\t\t\t\t\t\t<\/div>\n\t\t\t\t<\/div>\n\t\t\t\t\t<\/div>\n\t\t\t\t<\/div>\n\t\t<div class=\"elementor-element elementor-element-193e57e e-flex e-con-boxed e-con e-parent\" data-id=\"193e57e\" data-element_type=\"container\">\n\t\t\t\t\t<div class=\"e-con-inner\">\n\t\t\t\t<div class=\"elementor-element elementor-element-9ccc31c before-pattern elementor-widget elementor-widget-image\" data-id=\"9ccc31c\" data-element_type=\"widget\" data-widget_type=\"image.default\">\n\t\t\t\t<div class=\"elementor-widget-container\">\n\t\t\t\t\t\t\t\t\t\t\t\t\t\t\t<img decoding=\"async\" width=\"521\" height=\"206\" src=\"https:\/\/cdd.gov.mr\/wp-content\/uploads\/2024\/09\/CAM1.jpg\" class=\"attachment-full size-full wp-image-18261\" alt=\"\" \/>\t\t\t\t\t\t\t\t\t\t\t\t\t\t\t<\/div>\n\t\t\t\t<\/div>\n\t\t\t\t\t<\/div>\n\t\t\t\t<\/div>\n\t\t\t\t<\/div>\n\t\t","protected":false},"excerpt":{"rendered":"<p>Le Cr\u00e9dit Agricole de Mauritanie (CAM) Le Cr\u00e9dit Agricole de Mauritanie (CAM) est une soci\u00e9t\u00e9 anonyme cr\u00e9\u00e9e en date du 29\/05\/2015 bas\u00e9e \u00e0 Rosso et d\u00e9tenue \u00e0 100% par la CDD. Cette filiale d\u00e9di\u00e9e au financement de l\u2019agriculture a \u00e9t\u00e9 mise en place pour des raisons pratiques et de performance en rapport avec les sp\u00e9cificit\u00e9s<\/p>\n","protected":false},"author":1,"featured_media":0,"parent":0,"menu_order":0,"comment_status":"closed","ping_status":"closed","template":"","meta":{"footnotes":""},"class_list":["post-18252","page","type-page","status-publish","hentry"],"_links":{"self":[{"href":"https:\/\/cdd.gov.mr\/fr\/wp-json\/wp\/v2\/pages\/18252","targetHints":{"allow":["GET"]}}],"collection":[{"href":"https:\/\/cdd.gov.mr\/fr\/wp-json\/wp\/v2\/pages"}],"about":[{"href":"https:\/\/cdd.gov.mr\/fr\/wp-json\/wp\/v2\/types\/page"}],"author":[{"embeddable":true,"href":"https:\/\/cdd.gov.mr\/fr\/wp-json\/wp\/v2\/users\/1"}],"replies":[{"embeddable":true,"href":"https:\/\/cdd.gov.mr\/fr\/wp-json\/wp\/v2\/comments?post=18252"}],"version-history":[{"count":16,"href":"https:\/\/cdd.gov.mr\/fr\/wp-json\/wp\/v2\/pages\/18252\/revisions"}],"predecessor-version":[{"id":18872,"href":"https:\/\/cdd.gov.mr\/fr\/wp-json\/wp\/v2\/pages\/18252\/revisions\/18872"}],"wp:attachment":[{"href":"https:\/\/cdd.gov.mr\/fr\/wp-json\/wp\/v2\/media?parent=18252"}],"curies":[{"name":"wp","href":"https:\/\/api.w.org\/{rel}","templated":true}]}}