{"id":18239,"date":"2024-09-20T03:18:44","date_gmt":"2024-09-20T03:18:44","guid":{"rendered":"https:\/\/cdd.devtest.host\/?page_id=18239"},"modified":"2025-01-15T22:17:20","modified_gmt":"2025-01-15T22:17:20","slug":"la-gestion-des-fonds-sous-mandat","status":"publish","type":"page","link":"https:\/\/cdd.gov.mr\/fr\/la-gestion-des-fonds-sous-mandat\/","title":{"rendered":"La gestion des fonds sous mandat"},"content":{"rendered":"\t\t<div data-elementor-type=\"wp-page\" data-elementor-id=\"18239\" class=\"elementor elementor-18239\">\n\t\t\t\t\t\t<section class=\"elementor-section elementor-top-section elementor-element elementor-element-56b1d93 elementor-section-content-middle elementor-section-boxed elementor-section-height-default elementor-section-height-default\" data-id=\"56b1d93\" data-element_type=\"section\">\n\t\t\t\t\t\t<div class=\"elementor-container elementor-column-gap-default\">\n\t\t\t\t\t<div class=\"elementor-column elementor-col-50 elementor-top-column elementor-element elementor-element-06fd25b\" data-id=\"06fd25b\" data-element_type=\"column\">\n\t\t\t<div class=\"elementor-widget-wrap elementor-element-populated\">\n\t\t\t\t\t\t<section class=\"elementor-section elementor-inner-section elementor-element elementor-element-d09da1e elementor-section-boxed elementor-section-height-default elementor-section-height-default\" data-id=\"d09da1e\" data-element_type=\"section\">\n\t\t\t\t\t\t<div class=\"elementor-container elementor-column-gap-default\">\n\t\t\t\t\t<div class=\"elementor-column elementor-col-100 elementor-inner-column elementor-element elementor-element-bb838db\" data-id=\"bb838db\" data-element_type=\"column\">\n\t\t\t<div class=\"elementor-widget-wrap elementor-element-populated\">\n\t\t\t\t\t\t<div class=\"elementor-element elementor-element-2e3ffa1 elementor-widget elementor-widget-text-editor\" data-id=\"2e3ffa1\" data-element_type=\"widget\" data-widget_type=\"text-editor.default\">\n\t\t\t\t<div class=\"elementor-widget-container\">\n\t\t\t\t\t\t\t\t\t<p class=\"rtejustify\">Le Fonds de Soutien \u00e0 l\u2019Emploi (FSE) est un programme lanc\u00e9 par Son Excellence le Pr\u00e9sident de la R\u00e9publique lors de sa visite \u00e0 Nouadhibou en mars 2012 en r\u00e9ponse au probl\u00e8me de l\u2019emploi en g\u00e9n\u00e9ral, et celui des jeunes en particulier.<\/p><p class=\"rtejustify\">Sa gestion a \u00e9t\u00e9 confi\u00e9e \u00e0 la CDD sous forme d\u2019un mandat de gestion b\u00e2ti sur des conventions sign\u00e9es, pour chaque wilaya, entre la CDD et l\u2019Etat repr\u00e9sent\u00e9 par le Minist\u00e8re des Finances<\/p><p class=\"rtejustify\">Les onze conventions couvrent une enveloppe de 8,25 milliards MRO destin\u00e9s \u00e0 financer : (i) les activit\u00e9s g\u00e9n\u00e9ratrices de revenus durables (AGRD), (ii) les dipl\u00f4m\u00e9s ch\u00f4meurs (DC) et (iii) les Tr\u00e8s Petites Entreprises (TPE).<\/p><p class=\"rtejustify\">Au 31.12.2017, un portefeuille de 7 592 projets a \u00e9t\u00e9 financ\u00e9 dans le cadre de ce programme, pour un montant total d\u2019environ 7,11 milliards d\u2019Ouguiya.<\/p><p class=\"rtejustify\">En 2017, tous les financements accord\u00e9s dans le cadre de ce programme ont \u00e9t\u00e9 r\u00e9alis\u00e9s \u00e0 partir du recyclage des fonds recouvr\u00e9s.<\/p>\t\t\t\t\t\t\t\t<\/div>\n\t\t\t\t<\/div>\n\t\t\t\t\t<\/div>\n\t\t<\/div>\n\t\t\t\t\t<\/div>\n\t\t<\/section>\n\t\t\t\t\t<\/div>\n\t\t<\/div>\n\t\t\t\t<div class=\"elementor-column elementor-col-50 elementor-top-column elementor-element elementor-element-f10c0f1 ps-xl-4\" data-id=\"f10c0f1\" data-element_type=\"column\" data-settings=\"{&quot;background_background&quot;:&quot;classic&quot;}\">\n\t\t\t<div class=\"elementor-widget-wrap\">\n\t\t\t\t\t\t\t<\/div>\n\t\t<\/div>\n\t\t\t\t\t<\/div>\n\t\t<\/section>\n\t\t<div class=\"elementor-element elementor-element-0e0710e e-flex e-con-boxed e-con e-parent\" data-id=\"0e0710e\" data-element_type=\"container\">\n\t\t\t\t\t<div class=\"e-con-inner\">\n\t\t\t\t<div class=\"elementor-element elementor-element-3c97ee8 elementor-widget elementor-widget-heading\" data-id=\"3c97ee8\" data-element_type=\"widget\" data-widget_type=\"heading.default\">\n\t\t\t\t<div class=\"elementor-widget-container\">\n\t\t\t\t\t<h4 class=\"elementor-heading-title elementor-size-default\">Montant de financements accord\u00e9s dans le cadre du FSE\u00a0 au 31.12.2017<\/h4>\t\t\t\t<\/div>\n\t\t\t\t<\/div>\n\t\t\t\t<div class=\"elementor-element elementor-element-f871bbf elementor-widget elementor-widget-image\" data-id=\"f871bbf\" data-element_type=\"widget\" data-widget_type=\"image.default\">\n\t\t\t\t<div class=\"elementor-widget-container\">\n\t\t\t\t\t\t\t\t\t\t\t\t\t\t\t<img fetchpriority=\"high\" decoding=\"async\" width=\"523\" height=\"411\" src=\"https:\/\/cdd.gov.mr\/wp-content\/uploads\/2025\/01\/MrCarteFSE.jpg\" class=\"attachment-large size-large wp-image-18612\" alt=\"\" \/>\t\t\t\t\t\t\t\t\t\t\t\t\t\t\t<\/div>\n\t\t\t\t<\/div>\n\t\t\t\t\t<\/div>\n\t\t\t\t<\/div>\n\t\t\t\t<\/div>\n\t\t","protected":false},"excerpt":{"rendered":"<p>Le Fonds de Soutien \u00e0 l\u2019Emploi (FSE) est un programme lanc\u00e9 par Son Excellence le Pr\u00e9sident de la R\u00e9publique lors de sa visite \u00e0 Nouadhibou en mars 2012 en r\u00e9ponse au probl\u00e8me de l\u2019emploi en g\u00e9n\u00e9ral, et celui des jeunes en particulier. Sa gestion a \u00e9t\u00e9 confi\u00e9e \u00e0 la CDD sous forme d\u2019un mandat de<\/p>\n","protected":false},"author":1,"featured_media":0,"parent":0,"menu_order":0,"comment_status":"closed","ping_status":"closed","template":"","meta":{"footnotes":""},"class_list":["post-18239","page","type-page","status-publish","hentry"],"_links":{"self":[{"href":"https:\/\/cdd.gov.mr\/fr\/wp-json\/wp\/v2\/pages\/18239","targetHints":{"allow":["GET"]}}],"collection":[{"href":"https:\/\/cdd.gov.mr\/fr\/wp-json\/wp\/v2\/pages"}],"about":[{"href":"https:\/\/cdd.gov.mr\/fr\/wp-json\/wp\/v2\/types\/page"}],"author":[{"embeddable":true,"href":"https:\/\/cdd.gov.mr\/fr\/wp-json\/wp\/v2\/users\/1"}],"replies":[{"embeddable":true,"href":"https:\/\/cdd.gov.mr\/fr\/wp-json\/wp\/v2\/comments?post=18239"}],"version-history":[{"count":7,"href":"https:\/\/cdd.gov.mr\/fr\/wp-json\/wp\/v2\/pages\/18239\/revisions"}],"predecessor-version":[{"id":18615,"href":"https:\/\/cdd.gov.mr\/fr\/wp-json\/wp\/v2\/pages\/18239\/revisions\/18615"}],"wp:attachment":[{"href":"https:\/\/cdd.gov.mr\/fr\/wp-json\/wp\/v2\/media?parent=18239"}],"curies":[{"name":"wp","href":"https:\/\/api.w.org\/{rel}","templated":true}]}}