{"id":18230,"date":"2024-09-20T03:04:46","date_gmt":"2024-09-20T03:04:46","guid":{"rendered":"https:\/\/cdd.devtest.host\/?page_id=18230"},"modified":"2025-01-15T22:07:39","modified_gmt":"2025-01-15T22:07:39","slug":"le-financement-de-leconomie","status":"publish","type":"page","link":"https:\/\/cdd.gov.mr\/fr\/le-financement-de-leconomie\/","title":{"rendered":"Le Financement de l&rsquo;\u00e9conomie"},"content":{"rendered":"\t\t<div data-elementor-type=\"wp-page\" data-elementor-id=\"18230\" class=\"elementor elementor-18230\">\n\t\t\t\t\t\t<section class=\"elementor-section elementor-top-section elementor-element elementor-element-56b1d93 elementor-section-content-middle elementor-section-boxed elementor-section-height-default elementor-section-height-default\" data-id=\"56b1d93\" data-element_type=\"section\">\n\t\t\t\t\t\t<div class=\"elementor-container elementor-column-gap-default\">\n\t\t\t\t\t<div class=\"elementor-column elementor-col-50 elementor-top-column elementor-element elementor-element-06fd25b\" data-id=\"06fd25b\" data-element_type=\"column\">\n\t\t\t<div class=\"elementor-widget-wrap elementor-element-populated\">\n\t\t\t\t\t\t<div class=\"elementor-element elementor-element-0a86125 elementor-widget elementor-widget-lendizsectiontitle\" data-id=\"0a86125\" data-element_type=\"widget\" data-widget_type=\"lendizsectiontitle.default\">\n\t\t\t\t<div class=\"elementor-widget-container\">\n\t\t\t\t\t<div class=\"section-title-wrapper margin-bottom-0\"><div class=\"title-wrap\"><h2 class=\"section-title\"><\/h2><\/div><!-- .title-wrap --><div class=\"section-description\"><\/div><!-- .section-description --><\/div><!-- .section-title-wrapper -->\t\t\t\t<\/div>\n\t\t\t\t<\/div>\n\t\t\t\t<div class=\"elementor-element elementor-element-4180b35 elementor-widget elementor-widget-text-editor\" data-id=\"4180b35\" data-element_type=\"widget\" data-widget_type=\"text-editor.default\">\n\t\t\t\t<div class=\"elementor-widget-container\">\n\t\t\t\t\t\t\t\t\t<p class=\"rtejustify\">La Caisse des D\u00e9p\u00f4ts et de D\u00e9veloppement continue d\u2019accorder une importance particuli\u00e8re au tissu des PME porteuses de projets \u00e0 valeurs ajout\u00e9es. C\u2019est ainsi, qu&rsquo;elle a accord\u00e9 en 2017, une enveloppe d\u2019environ 2,50 milliards MRO au profit des Petites et Moyennes Entreprises.<\/p><p class=\"rtejustify\">Les financements ainsi accord\u00e9s couvrent diverses fili\u00e8res d\u2019activit\u00e9s dont l\u2019industrie, le tourisme, la p\u00eache, l\u2019agriculture, le commerce et les services.<\/p>\t\t\t\t\t\t\t\t<\/div>\n\t\t\t\t<\/div>\n\t\t\t\t<div class=\"elementor-element elementor-element-3cf0a58 before-pattern elementor-widget elementor-widget-image\" data-id=\"3cf0a58\" data-element_type=\"widget\" data-widget_type=\"image.default\">\n\t\t\t\t<div class=\"elementor-widget-container\">\n\t\t\t\t\t\t\t\t\t\t\t\t\t\t\t<img fetchpriority=\"high\" decoding=\"async\" width=\"625\" height=\"251\" src=\"https:\/\/cdd.gov.mr\/wp-content\/uploads\/2024\/09\/PME2.jpg\" class=\"attachment-full size-full wp-image-18235\" alt=\"\" \/>\t\t\t\t\t\t\t\t\t\t\t\t\t\t\t<\/div>\n\t\t\t\t<\/div>\n\t\t\t\t\t<\/div>\n\t\t<\/div>\n\t\t\t\t<div class=\"elementor-column elementor-col-50 elementor-top-column elementor-element elementor-element-f10c0f1 ps-xl-4\" data-id=\"f10c0f1\" data-element_type=\"column\" data-settings=\"{&quot;background_background&quot;:&quot;classic&quot;}\">\n\t\t\t<div class=\"elementor-widget-wrap elementor-element-populated\">\n\t\t\t\t\t\t<div class=\"elementor-element elementor-element-cbfd00b before-pattern elementor-widget elementor-widget-image\" data-id=\"cbfd00b\" data-element_type=\"widget\" data-widget_type=\"image.default\">\n\t\t\t\t<div class=\"elementor-widget-container\">\n\t\t\t\t\t\t\t\t\t\t\t\t\t\t\t<img decoding=\"async\" width=\"633\" height=\"322\" src=\"https:\/\/cdd.gov.mr\/wp-content\/uploads\/2024\/09\/PME.jpg\" class=\"attachment-full size-full wp-image-18233\" alt=\"\" \/>\t\t\t\t\t\t\t\t\t\t\t\t\t\t\t<\/div>\n\t\t\t\t<\/div>\n\t\t\t\t<div class=\"elementor-element elementor-element-178c5f2 elementor-widget elementor-widget-text-editor\" data-id=\"178c5f2\" data-element_type=\"widget\" data-widget_type=\"text-editor.default\">\n\t\t\t\t<div class=\"elementor-widget-container\">\n\t\t\t\t\t\t\t\t\t<p>Sur les trois derni\u00e8res ann\u00e9es, le niveau des financements accord\u00e9s aux PME a connu une \u00e9volution significative, passant ainsi de 5,410 milliards MRO en 2014 \u00e0 10,75 milliards d&rsquo;Ouguiyas en 2017.<\/p>\t\t\t\t\t\t\t\t<\/div>\n\t\t\t\t<\/div>\n\t\t\t\t\t<\/div>\n\t\t<\/div>\n\t\t\t\t\t<\/div>\n\t\t<\/section>\n\t\t\t\t<section class=\"elementor-section elementor-top-section elementor-element elementor-element-c488238 elementor-section-stretched elementor-hidden-desktop elementor-hidden-tablet elementor-hidden-mobile elementor-section-boxed elementor-section-height-default elementor-section-height-default\" data-id=\"c488238\" data-element_type=\"section\" data-settings=\"{&quot;stretch_section&quot;:&quot;section-stretched&quot;,&quot;background_background&quot;:&quot;classic&quot;}\">\n\t\t\t\t\t\t\t<div class=\"elementor-background-overlay\"><\/div>\n\t\t\t\t\t\t\t<div class=\"elementor-container elementor-column-gap-default\">\n\t\t\t\t\t<div class=\"elementor-column elementor-col-50 elementor-top-column elementor-element elementor-element-9bffa24 pe-lg-3\" data-id=\"9bffa24\" data-element_type=\"column\">\n\t\t\t<div class=\"elementor-widget-wrap elementor-element-populated\">\n\t\t\t\t\t\t<div class=\"elementor-element elementor-element-8fae851 pr-lg-4 elementor-widget elementor-widget-lendizsectiontitle\" data-id=\"8fae851\" data-element_type=\"widget\" data-widget_type=\"lendizsectiontitle.default\">\n\t\t\t\t<div class=\"elementor-widget-container\">\n\t\t\t\t\t<div class=\"section-title-wrapper\"><div class=\"title-wrap\"><span class=\"sub-title\">Why Us<\/span><h2 class=\"section-title\">Why People Choose Us<\/h2><\/div><!-- .title-wrap --><div class=\"section-description\">There are many variations of passages of Lorem Ipsum available, but the majority have suffered alteration in injected humour, or words which don't look even slightly believable.<\/div><!-- .section-description --><\/div><!-- .section-title-wrapper -->\t\t\t\t<\/div>\n\t\t\t\t<\/div>\n\t\t\t\t<div class=\"elementor-element elementor-element-1c91868 elementor-widget elementor-widget-button\" data-id=\"1c91868\" data-element_type=\"widget\" data-widget_type=\"button.default\">\n\t\t\t\t<div class=\"elementor-widget-container\">\n\t\t\t\t\t\t\t\t\t<div class=\"elementor-button-wrapper\">\n\t\t\t\t\t<a class=\"elementor-button elementor-button-link elementor-size-sm\" href=\"https:\/\/elementor.zozothemes.com\/lendiz\/our-services\/\">\n\t\t\t\t\t\t<span class=\"elementor-button-content-wrapper\">\n\t\t\t\t\t\t\t\t\t<span class=\"elementor-button-text\">Our Services<\/span>\n\t\t\t\t\t<\/span>\n\t\t\t\t\t<\/a>\n\t\t\t\t<\/div>\n\t\t\t\t\t\t\t\t<\/div>\n\t\t\t\t<\/div>\n\t\t\t\t\t<\/div>\n\t\t<\/div>\n\t\t\t\t<div class=\"elementor-column elementor-col-50 elementor-top-column elementor-element elementor-element-7a07033\" data-id=\"7a07033\" data-element_type=\"column\">\n\t\t\t<div class=\"elementor-widget-wrap elementor-element-populated\">\n\t\t\t\t\t\t<section class=\"elementor-section elementor-inner-section elementor-element elementor-element-e4040b1 elementor-section-boxed elementor-section-height-default elementor-section-height-default\" data-id=\"e4040b1\" data-element_type=\"section\">\n\t\t\t\t\t\t<div class=\"elementor-container elementor-column-gap-default\">\n\t\t\t\t\t<div class=\"elementor-column elementor-col-50 elementor-inner-column elementor-element elementor-element-074ce5b\" data-id=\"074ce5b\" data-element_type=\"column\">\n\t\t\t<div class=\"elementor-widget-wrap elementor-element-populated\">\n\t\t\t\t\t\t<div class=\"elementor-element elementor-element-0e3198d elementor-widget elementor-widget-lendizfeaturebox\" data-id=\"0e3198d\" data-element_type=\"widget\" data-widget_type=\"lendizfeaturebox.default\">\n\t\t\t\t<div class=\"elementor-widget-container feature-box-wrapper text-left shortcode-rand-1 lendiz-inline-css\" data-css=\"&quot;.shortcode-rand-1.feature-box-wrapper .feature-box-inner &gt; *:nth-child(1), .shortcode-rand-1.feature-box-wrapper &gt; .media &gt; .media-body &gt; *:nth-child(1) { margin-bottom: 10px; }&quot;\">\r\n\t\t\t<div class=\"media\"><div class=\"media-icon-part\"><div class=\"feature-box-icon\"><span class=\"text-center theme-color-bg icon-icon-light rounded-circle fbox-icon-middle fa fa-check\"><\/span><\/div><\/div><div class=\"media-body\"><h4 class=\"feature-box-title\">Reliability<\/h4><div class=\"fbox-content\">Lorem ipsum dolor sit amet, sed consectetur adipiscing elit, do eiusmod tempor.<\/div><\/div><!-- .media-body --><\/div><!-- .media -->\t\t<\/div>\r\n\t\t\t\t<\/div>\n\t\t\t\t\t<\/div>\n\t\t<\/div>\n\t\t\t\t<div class=\"elementor-column elementor-col-50 elementor-inner-column elementor-element elementor-element-919fd07\" data-id=\"919fd07\" data-element_type=\"column\">\n\t\t\t<div class=\"elementor-widget-wrap elementor-element-populated\">\n\t\t\t\t\t\t<div class=\"elementor-element elementor-element-0f077e7 elementor-widget elementor-widget-lendizfeaturebox\" data-id=\"0f077e7\" data-element_type=\"widget\" data-widget_type=\"lendizfeaturebox.default\">\n\t\t\t\t<div class=\"elementor-widget-container feature-box-wrapper text-left shortcode-rand-2 lendiz-inline-css\" data-css=\"&quot;.shortcode-rand-2.feature-box-wrapper .feature-box-inner &gt; *:nth-child(1), .shortcode-rand-2.feature-box-wrapper &gt; .media &gt; .media-body &gt; *:nth-child(1) { margin-bottom: 10px; }&quot;\">\r\n\t\t\t<div class=\"media\"><div class=\"media-icon-part\"><div class=\"feature-box-icon\"><span class=\"text-center theme-color-bg icon-icon-light rounded-circle fbox-icon-middle fa fa-check\"><\/span><\/div><\/div><div class=\"media-body\"><h4 class=\"feature-box-title\">Guarantee<\/h4><div class=\"fbox-content\">Lorem ipsum dolor sit amet, sed consectetur adipiscing elit, do eiusmod tempor.<\/div><\/div><!-- .media-body --><\/div><!-- .media -->\t\t<\/div>\r\n\t\t\t\t<\/div>\n\t\t\t\t\t<\/div>\n\t\t<\/div>\n\t\t\t\t\t<\/div>\n\t\t<\/section>\n\t\t\t\t<section class=\"elementor-section elementor-inner-section elementor-element elementor-element-73992ec elementor-section-boxed elementor-section-height-default elementor-section-height-default\" data-id=\"73992ec\" data-element_type=\"section\">\n\t\t\t\t\t\t<div class=\"elementor-container elementor-column-gap-default\">\n\t\t\t\t\t<div class=\"elementor-column elementor-col-50 elementor-inner-column elementor-element elementor-element-c58f9fc\" data-id=\"c58f9fc\" data-element_type=\"column\">\n\t\t\t<div class=\"elementor-widget-wrap elementor-element-populated\">\n\t\t\t\t\t\t<div class=\"elementor-element elementor-element-e1f2eaa elementor-widget elementor-widget-lendizfeaturebox\" data-id=\"e1f2eaa\" data-element_type=\"widget\" data-widget_type=\"lendizfeaturebox.default\">\n\t\t\t\t<div class=\"elementor-widget-container feature-box-wrapper text-left shortcode-rand-3 lendiz-inline-css\" data-css=\"&quot;.shortcode-rand-3.feature-box-wrapper .feature-box-inner &gt; *:nth-child(1), .shortcode-rand-3.feature-box-wrapper &gt; .media &gt; .media-body &gt; *:nth-child(1) { margin-bottom: 10px; }&quot;\">\r\n\t\t\t<div class=\"media\"><div class=\"media-icon-part\"><div class=\"feature-box-icon\"><span class=\"text-center theme-color-bg icon-icon-light rounded-circle fbox-icon-middle fa fa-check\"><\/span><\/div><\/div><div class=\"media-body\"><h4 class=\"feature-box-title\">Experience<\/h4><div class=\"fbox-content\">Lorem ipsum dolor sit amet, sed consectetur adipiscing elit, do eiusmod tempor.<\/div><\/div><!-- .media-body --><\/div><!-- .media -->\t\t<\/div>\r\n\t\t\t\t<\/div>\n\t\t\t\t\t<\/div>\n\t\t<\/div>\n\t\t\t\t<div class=\"elementor-column elementor-col-50 elementor-inner-column elementor-element elementor-element-8dd1395\" data-id=\"8dd1395\" data-element_type=\"column\">\n\t\t\t<div class=\"elementor-widget-wrap elementor-element-populated\">\n\t\t\t\t\t\t<div class=\"elementor-element elementor-element-240ae59 elementor-widget elementor-widget-lendizfeaturebox\" data-id=\"240ae59\" data-element_type=\"widget\" data-widget_type=\"lendizfeaturebox.default\">\n\t\t\t\t<div class=\"elementor-widget-container feature-box-wrapper text-left shortcode-rand-4 lendiz-inline-css\" data-css=\"&quot;.shortcode-rand-4.feature-box-wrapper .feature-box-inner &gt; *:nth-child(1), .shortcode-rand-4.feature-box-wrapper &gt; .media &gt; .media-body &gt; *:nth-child(1) { margin-bottom: 10px; }&quot;\">\r\n\t\t\t<div class=\"media\"><div class=\"media-icon-part\"><div class=\"feature-box-icon\"><span class=\"text-center theme-color-bg icon-icon-light rounded-circle fbox-icon-middle fa fa-check\"><\/span><\/div><\/div><div class=\"media-body\"><h4 class=\"feature-box-title\">Speed<\/h4><div class=\"fbox-content\">Lorem ipsum dolor sit amet, sed consectetur adipiscing elit, do eiusmod tempor.<\/div><\/div><!-- .media-body --><\/div><!-- .media -->\t\t<\/div>\r\n\t\t\t\t<\/div>\n\t\t\t\t\t<\/div>\n\t\t<\/div>\n\t\t\t\t\t<\/div>\n\t\t<\/section>\n\t\t\t\t\t<\/div>\n\t\t<\/div>\n\t\t\t\t\t<\/div>\n\t\t<\/section>\n\t\t\t\t<section class=\"elementor-section elementor-top-section elementor-element elementor-element-a327dfd elementor-section-boxed elementor-section-height-default elementor-section-height-default\" data-id=\"a327dfd\" data-element_type=\"section\">\n\t\t\t\t\t\t<div class=\"elementor-container elementor-column-gap-default\">\n\t\t\t\t\t<div class=\"elementor-column elementor-col-100 elementor-top-column elementor-element elementor-element-628665c\" data-id=\"628665c\" data-element_type=\"column\">\n\t\t\t<div class=\"elementor-widget-wrap\">\n\t\t\t\t\t\t\t<\/div>\n\t\t<\/div>\n\t\t\t\t\t<\/div>\n\t\t<\/section>\n\t\t\t\t<section class=\"elementor-section elementor-top-section elementor-element elementor-element-496c3f1 elementor-section-boxed elementor-section-height-default elementor-section-height-default\" data-id=\"496c3f1\" data-element_type=\"section\">\n\t\t\t\t\t\t<div class=\"elementor-container elementor-column-gap-default\">\n\t\t\t\t\t<div class=\"elementor-column elementor-col-100 elementor-top-column elementor-element elementor-element-3201216\" data-id=\"3201216\" data-element_type=\"column\">\n\t\t\t<div class=\"elementor-widget-wrap elementor-element-populated\">\n\t\t\t\t\t\t<section class=\"elementor-section elementor-inner-section elementor-element elementor-element-684b086 elementor-hidden-desktop elementor-hidden-tablet elementor-hidden-mobile elementor-section-boxed elementor-section-height-default elementor-section-height-default\" data-id=\"684b086\" data-element_type=\"section\">\n\t\t\t\t\t\t<div class=\"elementor-container elementor-column-gap-no\">\n\t\t\t\t\t<div class=\"elementor-column elementor-col-33 elementor-inner-column elementor-element elementor-element-831f7e9\" data-id=\"831f7e9\" data-element_type=\"column\">\n\t\t\t<div class=\"elementor-widget-wrap\">\n\t\t\t\t\t\t\t<\/div>\n\t\t<\/div>\n\t\t\t\t<div class=\"elementor-column elementor-col-33 elementor-inner-column elementor-element elementor-element-cb0c7c4\" data-id=\"cb0c7c4\" data-element_type=\"column\">\n\t\t\t<div class=\"elementor-widget-wrap elementor-element-populated\">\n\t\t\t\t\t\t<div class=\"elementor-element elementor-element-18be50a elementor-widget elementor-widget-lendizsectiontitle\" data-id=\"18be50a\" data-element_type=\"widget\" data-widget_type=\"lendizsectiontitle.default\">\n\t\t\t\t<div class=\"elementor-widget-container\">\n\t\t\t\t\t<div class=\"section-title-wrapper margin-bottom-0 text-center\"><div class=\"title-wrap\"><span class=\"sub-title\">Our Team<\/span><h2 class=\"section-title\">Meet Our Team Members<\/h2><\/div><!-- .title-wrap --><div class=\"section-description\"><\/div><!-- .section-description --><\/div><!-- .section-title-wrapper -->\t\t\t\t<\/div>\n\t\t\t\t<\/div>\n\t\t\t\t\t<\/div>\n\t\t<\/div>\n\t\t\t\t<div class=\"elementor-column elementor-col-33 elementor-inner-column elementor-element elementor-element-26c009e\" data-id=\"26c009e\" data-element_type=\"column\">\n\t\t\t<div class=\"elementor-widget-wrap\">\n\t\t\t\t\t\t\t<\/div>\n\t\t<\/div>\n\t\t\t\t\t<\/div>\n\t\t<\/section>\n\t\t\t\t<div class=\"elementor-element elementor-element-68aa2b2 elementor-hidden-desktop elementor-hidden-tablet elementor-hidden-mobile elementor-widget elementor-widget-lendizteam\" data-id=\"68aa2b2\" data-element_type=\"widget\" data-widget_type=\"lendizteam.default\">\n\t\t\t\t<div class=\"elementor-widget-container\">\n\t\t\t\t\t<div class=\"team-wrapper team-classic text-center team-light\" data-css=\"&quot;&quot;\"><div class=\"row\"><div class=\"col-lg-3 col-md-6\"><div class=\"team-inner team-overlay-actived\"><div class=\"team-thumb\"><div class=\"team-overlay overlay-center\"><div class=\"team-social-wrap clearfix\"><ul class=\"nav social-icons team-social\"><li><a class=\"social-fb\" href=\"http:\/\/zozothemes.com\/\" target=\"_blank\"><i class=\"ti-facebook\"><\/i><\/a><\/li><li><a class=\"social-twitter\" href=\"http:\/\/zozothemes.com\/\" target=\"_blank\"><i class=\"fa-brands fa-x-twitter\"><\/i><\/a><\/li><li><a class=\"social-instagram\" href=\"http:\/\/zozothemes.com\/\" target=\"_blank\"><i class=\"ti-instagram\"><\/i><\/a><\/li><li><a class=\"social-linkedin\" href=\"http:\/\/zozothemes.com\/\" target=\"_blank\"><i class=\"ti-linkedin\"><\/i><\/a><\/li><\/ul><\/div> <!-- .team-social-wrap --><\/div><!-- .team-overlay --><img decoding=\"async\" height=\"600\" width=\"600\" class=\"img-fluid\" alt=\"Stephen Louis\" src=\"https:\/\/cdd.gov.mr\/wp-content\/uploads\/2019\/04\/te-3-1-600x600.jpg\"\/><\/div><!-- .team-thumb --><div class=\"team-info-wrap\"><div class=\"team-name\"><h3><span class=\"client-name\">Stephen Louis<\/span><\/h3><\/div><!-- .team-name --><div class=\"team-designation\">Analyst<\/div><!-- .team-designation --><\/div><!-- .team-info-wrap --><\/div><!-- .team-inner --><\/div><!-- .cols --><div class=\"col-lg-3 col-md-6\"><div class=\"team-inner team-overlay-actived\"><div class=\"team-thumb\"><div class=\"team-overlay overlay-center\"><div class=\"team-social-wrap clearfix\"><ul class=\"nav social-icons team-social\"><li><a class=\"social-fb\" href=\"http:\/\/zozothemes.com\/\" target=\"_blank\"><i class=\"ti-facebook\"><\/i><\/a><\/li><li><a class=\"social-twitter\" href=\"http:\/\/zozothemes.com\/\" target=\"_blank\"><i class=\"fa-brands fa-x-twitter\"><\/i><\/a><\/li><li><a class=\"social-instagram\" href=\"http:\/\/zozothemes.com\/\" target=\"_blank\"><i class=\"ti-instagram\"><\/i><\/a><\/li><li><a class=\"social-linkedin\" href=\"http:\/\/zozothemes.com\/\" target=\"_blank\"><i class=\"ti-linkedin\"><\/i><\/a><\/li><\/ul><\/div> <!-- .team-social-wrap --><\/div><!-- .team-overlay --><img loading=\"lazy\" decoding=\"async\" height=\"600\" width=\"600\" class=\"img-fluid\" alt=\"Anna Konikova\" src=\"https:\/\/cdd.gov.mr\/wp-content\/uploads\/2019\/04\/te-4-1-600x600.jpg\"\/><\/div><!-- .team-thumb --><div class=\"team-info-wrap\"><div class=\"team-name\"><h3><span class=\"client-name\">Anna Konikova<\/span><\/h3><\/div><!-- .team-name --><div class=\"team-designation\">Manager<\/div><!-- .team-designation --><\/div><!-- .team-info-wrap --><\/div><!-- .team-inner --><\/div><!-- .cols --><div class=\"col-lg-3 col-md-6\"><div class=\"team-inner team-overlay-actived\"><div class=\"team-thumb\"><div class=\"team-overlay overlay-center\"><div class=\"team-social-wrap clearfix\"><ul class=\"nav social-icons team-social\"><li><a class=\"social-fb\" href=\"http:\/\/zozothemes.com\/\" target=\"_blank\"><i class=\"ti-facebook\"><\/i><\/a><\/li><li><a class=\"social-twitter\" href=\"http:\/\/zozothemes.com\/\" target=\"_blank\"><i class=\"fa-brands fa-x-twitter\"><\/i><\/a><\/li><li><a class=\"social-instagram\" href=\"http:\/\/zozothemes.com\/\" target=\"_blank\"><i class=\"ti-instagram\"><\/i><\/a><\/li><li><a class=\"social-linkedin\" href=\"http:\/\/zozothemes.com\/\" target=\"_blank\"><i class=\"ti-linkedin\"><\/i><\/a><\/li><\/ul><\/div> <!-- .team-social-wrap --><\/div><!-- .team-overlay --><img loading=\"lazy\" decoding=\"async\" height=\"600\" width=\"600\" class=\"img-fluid\" alt=\"Laura Wilburn\" src=\"https:\/\/cdd.gov.mr\/wp-content\/uploads\/2019\/04\/te-1-1-600x600.jpg\"\/><\/div><!-- .team-thumb --><div class=\"team-info-wrap\"><div class=\"team-name\"><h3><span class=\"client-name\">Laura Wilburn<\/span><\/h3><\/div><!-- .team-name --><div class=\"team-designation\">CEO<\/div><!-- .team-designation --><\/div><!-- .team-info-wrap --><\/div><!-- .team-inner --><\/div><!-- .cols --><div class=\"col-lg-3 col-md-6\"><div class=\"team-inner team-overlay-actived\"><div class=\"team-thumb\"><div class=\"team-overlay overlay-center\"><div class=\"team-social-wrap clearfix\"><ul class=\"nav social-icons team-social\"><li><a class=\"social-fb\" href=\"http:\/\/zozothemes.com\/\" target=\"_blank\"><i class=\"ti-facebook\"><\/i><\/a><\/li><li><a class=\"social-twitter\" href=\"http:\/\/zozothemes.com\/\" target=\"_blank\"><i class=\"fa-brands fa-x-twitter\"><\/i><\/a><\/li><li><a class=\"social-instagram\" href=\"http:\/\/zozothemes.com\/\" target=\"_blank\"><i class=\"ti-instagram\"><\/i><\/a><\/li><li><a class=\"social-linkedin\" href=\"http:\/\/zozothemes.com\/\" target=\"_blank\"><i class=\"ti-linkedin\"><\/i><\/a><\/li><\/ul><\/div> <!-- .team-social-wrap --><\/div><!-- .team-overlay --><img loading=\"lazy\" decoding=\"async\" height=\"600\" width=\"600\" class=\"img-fluid\" alt=\"Michael Lankford\" src=\"https:\/\/cdd.gov.mr\/wp-content\/uploads\/2019\/04\/te-5-1-600x600.jpg\"\/><\/div><!-- .team-thumb --><div class=\"team-info-wrap\"><div class=\"team-name\"><h3><span class=\"client-name\">Michael Lankford<\/span><\/h3><\/div><!-- .team-name --><div class=\"team-designation\">HR Manager<\/div><!-- .team-designation --><\/div><!-- .team-info-wrap --><\/div><!-- .team-inner --><\/div><!-- .cols --><\/div><!-- .row --><\/div><!-- .team-wrapper -->\t\t\t\t<\/div>\n\t\t\t\t<\/div>\n\t\t\t\t\t<\/div>\n\t\t<\/div>\n\t\t\t\t\t<\/div>\n\t\t<\/section>\n\t\t\t\t<\/div>\n\t\t","protected":false},"excerpt":{"rendered":"<p>La Caisse des D\u00e9p\u00f4ts et de D\u00e9veloppement continue d\u2019accorder une importance particuli\u00e8re au tissu des PME porteuses de projets \u00e0 valeurs ajout\u00e9es. C\u2019est ainsi, qu&rsquo;elle a accord\u00e9 en 2017, une enveloppe d\u2019environ 2,50 milliards MRO au profit des Petites et Moyennes Entreprises. Les financements ainsi accord\u00e9s couvrent diverses fili\u00e8res d\u2019activit\u00e9s dont l\u2019industrie, le tourisme, la<\/p>\n","protected":false},"author":1,"featured_media":0,"parent":0,"menu_order":0,"comment_status":"closed","ping_status":"closed","template":"","meta":{"footnotes":""},"class_list":["post-18230","page","type-page","status-publish","hentry"],"_links":{"self":[{"href":"https:\/\/cdd.gov.mr\/fr\/wp-json\/wp\/v2\/pages\/18230","targetHints":{"allow":["GET"]}}],"collection":[{"href":"https:\/\/cdd.gov.mr\/fr\/wp-json\/wp\/v2\/pages"}],"about":[{"href":"https:\/\/cdd.gov.mr\/fr\/wp-json\/wp\/v2\/types\/page"}],"author":[{"embeddable":true,"href":"https:\/\/cdd.gov.mr\/fr\/wp-json\/wp\/v2\/users\/1"}],"replies":[{"embeddable":true,"href":"https:\/\/cdd.gov.mr\/fr\/wp-json\/wp\/v2\/comments?post=18230"}],"version-history":[{"count":13,"href":"https:\/\/cdd.gov.mr\/fr\/wp-json\/wp\/v2\/pages\/18230\/revisions"}],"predecessor-version":[{"id":18610,"href":"https:\/\/cdd.gov.mr\/fr\/wp-json\/wp\/v2\/pages\/18230\/revisions\/18610"}],"wp:attachment":[{"href":"https:\/\/cdd.gov.mr\/fr\/wp-json\/wp\/v2\/media?parent=18230"}],"curies":[{"name":"wp","href":"https:\/\/api.w.org\/{rel}","templated":true}]}}