{"id":18204,"date":"2024-09-20T01:25:34","date_gmt":"2024-09-20T01:25:34","guid":{"rendered":"https:\/\/cdd.devtest.host\/?page_id=18204"},"modified":"2025-02-12T14:39:04","modified_gmt":"2025-02-12T14:39:04","slug":"organigramme","status":"publish","type":"page","link":"https:\/\/cdd.gov.mr\/fr\/organigramme\/","title":{"rendered":"Organigramme"},"content":{"rendered":"\t\t<div data-elementor-type=\"wp-page\" data-elementor-id=\"18204\" class=\"elementor elementor-18204\">\n\t\t\t\t<div class=\"elementor-element elementor-element-f589fdf e-flex e-con-boxed e-con e-parent\" data-id=\"f589fdf\" data-element_type=\"container\">\n\t\t\t\t\t<div class=\"e-con-inner\">\n\t\t<div class=\"elementor-element elementor-element-bd9f0ef e-con-full e-flex e-con e-child\" data-id=\"bd9f0ef\" data-element_type=\"container\">\n\t\t\t\t<div class=\"elementor-element elementor-element-df6e0af elementor-widget elementor-widget-heading\" data-id=\"df6e0af\" data-element_type=\"widget\" data-widget_type=\"heading.default\">\n\t\t\t\t<div class=\"elementor-widget-container\">\n\t\t\t\t\t<h2 class=\"elementor-heading-title elementor-size-default\">Organigramme de la CDD<\/h2>\t\t\t\t<\/div>\n\t\t\t\t<\/div>\n\t\t\t\t<div class=\"elementor-element elementor-element-ade57de elementor-widget elementor-widget-image\" data-id=\"ade57de\" data-element_type=\"widget\" data-widget_type=\"image.default\">\n\t\t\t\t<div class=\"elementor-widget-container\">\n\t\t\t\t\t\t\t\t\t\t\t\t\t\t\t<img fetchpriority=\"high\" decoding=\"async\" width=\"912\" height=\"694\" src=\"https:\/\/cdd.gov.mr\/wp-content\/uploads\/2025\/02\/Screenshot-2025-02-12-022435-912x694.png\" class=\"attachment-large size-large wp-image-18793\" alt=\"\" \/>\t\t\t\t\t\t\t\t\t\t\t\t\t\t\t<\/div>\n\t\t\t\t<\/div>\n\t\t\t\t<\/div>\n\t\t<div class=\"elementor-element elementor-element-137b977 e-con-full e-flex e-con e-child\" data-id=\"137b977\" data-element_type=\"container\" data-settings=\"{&quot;background_background&quot;:&quot;classic&quot;}\">\n\t\t\t\t<div class=\"elementor-element elementor-element-7608719 elementor-widget elementor-widget-text-editor\" data-id=\"7608719\" data-element_type=\"widget\" data-widget_type=\"text-editor.default\">\n\t\t\t\t<div class=\"elementor-widget-container\">\n\t\t\t\t\t\t\t\t\t<ul><li><strong>DG<\/strong> : Direction G\u00e9n\u00e9rale<\/li><li><strong>SG<\/strong> : Secr\u00e9tariat G\u00e9n\u00e9ral<\/li><li><strong>CCRE<\/strong> : Conseiller charg\u00e9 des affaires du cabinet et des relations ext\u00e9rieures<\/li><li><strong>DDC<\/strong> : Direction des d\u00e9p\u00f4ts et consignations<\/li><li><strong>CTICO<\/strong> : Conseiller technique charg\u00e9 de l\u2019organisation et des<\/li><li><strong>DD<\/strong> : Direction du d\u00e9veloppement<\/li><li><strong>DE<\/strong> : Direction d\u2019exploitation<\/li><li><strong>CT<\/strong> : Conseiller technique<\/li><li><strong>PERR<\/strong> : P\u00f4le engagements, risques et recouvrement<\/li><li><strong>CEE<\/strong> : Cellule des \u00e9tudes \u00e9conomiques<\/li><li><strong>PAG<\/strong> : P\u00f4le d\u2019administration g\u00e9n\u00e9rale<\/li><li><strong>DACI<\/strong> : D\u00e9partement de l\u2019audit et de contr\u00f4le interne<\/li><li><strong>CI<\/strong> : Cellule Ing\u00e9nierie<\/li><li><strong>DF<\/strong> : D\u00e9partement financier<\/li><li><strong>DSI<\/strong> : D\u00e9partement du syst\u00e8me d\u2019information<\/li><li><strong>CJ<\/strong> : Cellule Juridique<\/li><li><strong>CAM<\/strong> : Cr\u00e9dit Agricole de Mauritanie<\/li><li><strong>FOREMI<\/strong> : Fonds de Refinancement des institutions de la micro finance<\/li><\/ul>\t\t\t\t\t\t\t\t<\/div>\n\t\t\t\t<\/div>\n\t\t\t\t<\/div>\n\t\t\t\t\t<\/div>\n\t\t\t\t<\/div>\n\t\t\t\t<\/div>\n\t\t","protected":false},"excerpt":{"rendered":"<p>Organigramme de la CDD DG : Direction G\u00e9n\u00e9rale SG : Secr\u00e9tariat G\u00e9n\u00e9ral CCRE : Conseiller charg\u00e9 des affaires du cabinet et des relations ext\u00e9rieures DDC : Direction des d\u00e9p\u00f4ts et consignations CTICO : Conseiller technique charg\u00e9 de l\u2019organisation et des DD : Direction du d\u00e9veloppement DE : Direction d\u2019exploitation CT : Conseiller technique PERR :<\/p>\n","protected":false},"author":1,"featured_media":0,"parent":0,"menu_order":0,"comment_status":"closed","ping_status":"closed","template":"","meta":{"footnotes":""},"class_list":["post-18204","page","type-page","status-publish","hentry"],"_links":{"self":[{"href":"https:\/\/cdd.gov.mr\/fr\/wp-json\/wp\/v2\/pages\/18204","targetHints":{"allow":["GET"]}}],"collection":[{"href":"https:\/\/cdd.gov.mr\/fr\/wp-json\/wp\/v2\/pages"}],"about":[{"href":"https:\/\/cdd.gov.mr\/fr\/wp-json\/wp\/v2\/types\/page"}],"author":[{"embeddable":true,"href":"https:\/\/cdd.gov.mr\/fr\/wp-json\/wp\/v2\/users\/1"}],"replies":[{"embeddable":true,"href":"https:\/\/cdd.gov.mr\/fr\/wp-json\/wp\/v2\/comments?post=18204"}],"version-history":[{"count":25,"href":"https:\/\/cdd.gov.mr\/fr\/wp-json\/wp\/v2\/pages\/18204\/revisions"}],"predecessor-version":[{"id":18808,"href":"https:\/\/cdd.gov.mr\/fr\/wp-json\/wp\/v2\/pages\/18204\/revisions\/18808"}],"wp:attachment":[{"href":"https:\/\/cdd.gov.mr\/fr\/wp-json\/wp\/v2\/media?parent=18204"}],"curies":[{"name":"wp","href":"https:\/\/api.w.org\/{rel}","templated":true}]}}