{"id":18197,"date":"2024-09-20T01:16:59","date_gmt":"2024-09-20T01:16:59","guid":{"rendered":"https:\/\/cdd.devtest.host\/?page_id=18197"},"modified":"2025-02-13T17:33:37","modified_gmt":"2025-02-13T17:33:37","slug":"gouvernance","status":"publish","type":"page","link":"https:\/\/cdd.gov.mr\/fr\/gouvernance\/","title":{"rendered":"Gouvernance"},"content":{"rendered":"\t\t<div data-elementor-type=\"wp-page\" data-elementor-id=\"18197\" class=\"elementor elementor-18197\">\n\t\t\t\t<div class=\"elementor-element elementor-element-889b186 e-flex e-con-boxed e-con e-parent\" data-id=\"889b186\" data-element_type=\"container\">\n\t\t\t\t\t<div class=\"e-con-inner\">\n\t\t\t\t<div class=\"elementor-element elementor-element-a192a3e elementor-widget elementor-widget-heading\" data-id=\"a192a3e\" data-element_type=\"widget\" data-widget_type=\"heading.default\">\n\t\t\t\t<div class=\"elementor-widget-container\">\n\t\t\t\t\t<h3 class=\"elementor-heading-title elementor-size-default\">Conseil d\u2019orientation strat\u00e9gique<\/h3>\t\t\t\t<\/div>\n\t\t\t\t<\/div>\n\t\t\t\t<div class=\"elementor-element elementor-element-f7cea89 elementor-widget elementor-widget-text-editor\" data-id=\"f7cea89\" data-element_type=\"widget\" data-widget_type=\"text-editor.default\">\n\t\t\t\t<div class=\"elementor-widget-container\">\n\t\t\t\t\t\t\t\t\t<ul>\n \t<li style=\"list-style-type: none;\">\n<ul>\n \t<li>Pr\u00e9sid\u00e9 par le Premier Ministre<\/li>\n \t<li>Charg\u00e9\u00a0de s\u2019assurer du respect des grands objectifs fix\u00e9s par les pouvoir publics et de la bonne coordination avec les partenaires financiers<\/li>\n \t\n<\/ul>\n<\/li>\n<\/ul>\t\t\t\t\t\t\t\t<\/div>\n\t\t\t\t<\/div>\n\t\t\t\t\t<\/div>\n\t\t\t\t<\/div>\n\t\t<div class=\"elementor-element elementor-element-833b657 e-flex e-con-boxed e-con e-parent\" data-id=\"833b657\" data-element_type=\"container\">\n\t\t\t\t\t<div class=\"e-con-inner\">\n\t\t\t\t<div class=\"elementor-element elementor-element-2a2fe21 fl elementor-widget elementor-widget-image\" data-id=\"2a2fe21\" data-element_type=\"widget\" data-widget_type=\"image.default\">\n\t\t\t\t<div class=\"elementor-widget-container\">\n\t\t\t\t\t\t\t\t\t\t\t\t\t\t\t<img fetchpriority=\"high\" decoding=\"async\" width=\"348\" height=\"348\" src=\"https:\/\/cdd.gov.mr\/wp-content\/uploads\/2025\/02\/png-clipart-green-arrow-computer-icons-down-arrow-rectangle-internet-thumbnail-removebg-preview.png\" class=\"attachment-large size-large wp-image-18964\" alt=\"\" srcset=\"https:\/\/cdd.gov.mr\/wp-content\/uploads\/2025\/02\/png-clipart-green-arrow-computer-icons-down-arrow-rectangle-internet-thumbnail-removebg-preview.png 348w, https:\/\/cdd.gov.mr\/wp-content\/uploads\/2025\/02\/png-clipart-green-arrow-computer-icons-down-arrow-rectangle-internet-thumbnail-removebg-preview-80x80.png 80w\" sizes=\"(max-width: 348px) 100vw, 348px\" \/>\t\t\t\t\t\t\t\t\t\t\t\t\t\t\t<\/div>\n\t\t\t\t<\/div>\n\t\t\t\t\t<\/div>\n\t\t\t\t<\/div>\n\t\t<div class=\"elementor-element elementor-element-82d0cb6 e-flex e-con-boxed e-con e-parent\" data-id=\"82d0cb6\" data-element_type=\"container\">\n\t\t\t\t\t<div class=\"e-con-inner\">\n\t\t\t\t<div class=\"elementor-element elementor-element-10d1962 elementor-widget elementor-widget-heading\" data-id=\"10d1962\" data-element_type=\"widget\" data-widget_type=\"heading.default\">\n\t\t\t\t<div class=\"elementor-widget-container\">\n\t\t\t\t\t<h3 class=\"elementor-heading-title elementor-size-default\">Commissions de surveillance<\/h3>\t\t\t\t<\/div>\n\t\t\t\t<\/div>\n\t\t\t\t<div class=\"elementor-element elementor-element-cfba664 elementor-widget elementor-widget-text-editor\" data-id=\"cfba664\" data-element_type=\"widget\" data-widget_type=\"text-editor.default\">\n\t\t\t\t<div class=\"elementor-widget-container\">\n\t\t\t\t\t\t\t\t\t<ul>\n \t<li style=\"list-style-type: none;\">\n<ul>\n \t<li>D\u00e9sign\u00e9es par un mandat de trois ans<\/li>\n \t<li>Entendent trimestriellement le compte rendu \u00e9tabli par la Direction G\u00e9n\u00e9rale<\/li>\n \t<li>Examinent et approuvent les budgets annuels<\/li>\n<\/ul>\n<\/li>\n<\/ul>\t\t\t\t\t\t\t\t<\/div>\n\t\t\t\t<\/div>\n\t\t\t\t\t<\/div>\n\t\t\t\t<\/div>\n\t\t<div class=\"elementor-element elementor-element-4d28377 e-flex e-con-boxed e-con e-parent\" data-id=\"4d28377\" data-element_type=\"container\">\n\t\t\t\t\t<div class=\"e-con-inner\">\n\t\t\t\t\t<\/div>\n\t\t\t\t<\/div>\n\t\t\t\t<\/div>\n\t\t","protected":false},"excerpt":{"rendered":"<p>Conseil d\u2019orientation strat\u00e9gique Pr\u00e9sid\u00e9 par le Premier Ministre Charg\u00e9\u00a0de s\u2019assurer du respect des grands objectifs fix\u00e9s par les pouvoir publics et de la bonne coordination avec les partenaires financiers Commissions de surveillance D\u00e9sign\u00e9es par un mandat de trois ans Entendent trimestriellement le compte rendu \u00e9tabli par la Direction G\u00e9n\u00e9rale Examinent et approuvent les budgets annuels<\/p>\n","protected":false},"author":1,"featured_media":0,"parent":0,"menu_order":0,"comment_status":"closed","ping_status":"closed","template":"","meta":{"footnotes":""},"class_list":["post-18197","page","type-page","status-publish","hentry"],"_links":{"self":[{"href":"https:\/\/cdd.gov.mr\/fr\/wp-json\/wp\/v2\/pages\/18197","targetHints":{"allow":["GET"]}}],"collection":[{"href":"https:\/\/cdd.gov.mr\/fr\/wp-json\/wp\/v2\/pages"}],"about":[{"href":"https:\/\/cdd.gov.mr\/fr\/wp-json\/wp\/v2\/types\/page"}],"author":[{"embeddable":true,"href":"https:\/\/cdd.gov.mr\/fr\/wp-json\/wp\/v2\/users\/1"}],"replies":[{"embeddable":true,"href":"https:\/\/cdd.gov.mr\/fr\/wp-json\/wp\/v2\/comments?post=18197"}],"version-history":[{"count":49,"href":"https:\/\/cdd.gov.mr\/fr\/wp-json\/wp\/v2\/pages\/18197\/revisions"}],"predecessor-version":[{"id":18992,"href":"https:\/\/cdd.gov.mr\/fr\/wp-json\/wp\/v2\/pages\/18197\/revisions\/18992"}],"wp:attachment":[{"href":"https:\/\/cdd.gov.mr\/fr\/wp-json\/wp\/v2\/media?parent=18197"}],"curies":[{"name":"wp","href":"https:\/\/api.w.org\/{rel}","templated":true}]}}