{"id":18191,"date":"2024-09-20T01:08:24","date_gmt":"2024-09-20T01:08:24","guid":{"rendered":"https:\/\/cdd.devtest.host\/?page_id=18191"},"modified":"2025-11-14T23:57:59","modified_gmt":"2025-11-14T23:57:59","slug":"missions","status":"publish","type":"page","link":"https:\/\/cdd.gov.mr\/fr\/missions\/","title":{"rendered":"Missions"},"content":{"rendered":"\t\t<div data-elementor-type=\"wp-page\" data-elementor-id=\"18191\" class=\"elementor elementor-18191\">\n\t\t\t\t\t\t<section class=\"elementor-section elementor-top-section elementor-element elementor-element-56b1d93 elementor-section-content-middle elementor-section-boxed elementor-section-height-default elementor-section-height-default\" data-id=\"56b1d93\" data-element_type=\"section\">\n\t\t\t\t\t\t<div class=\"elementor-container elementor-column-gap-default\">\n\t\t\t\t\t<div class=\"elementor-column elementor-col-50 elementor-top-column elementor-element elementor-element-06fd25b\" data-id=\"06fd25b\" data-element_type=\"column\">\n\t\t\t<div class=\"elementor-widget-wrap elementor-element-populated\">\n\t\t\t\t\t\t<section class=\"elementor-section elementor-inner-section elementor-element elementor-element-d09da1e elementor-section-boxed elementor-section-height-default elementor-section-height-default\" data-id=\"d09da1e\" data-element_type=\"section\">\n\t\t\t\t\t\t<div class=\"elementor-container elementor-column-gap-default\">\n\t\t\t\t\t<div class=\"elementor-column elementor-col-100 elementor-inner-column elementor-element elementor-element-bb838db\" data-id=\"bb838db\" data-element_type=\"column\">\n\t\t\t<div class=\"elementor-widget-wrap elementor-element-populated\">\n\t\t\t\t\t\t<div class=\"elementor-element elementor-element-cbfd00b before-pattern elementor-widget elementor-widget-image\" data-id=\"cbfd00b\" data-element_type=\"widget\" data-widget_type=\"image.default\">\n\t\t\t\t<div class=\"elementor-widget-container\">\n\t\t\t\t\t\t\t\t\t\t\t\t\t\t\t<img fetchpriority=\"high\" decoding=\"async\" width=\"1200\" height=\"720\" src=\"https:\/\/cdd.gov.mr\/wp-content\/uploads\/2020\/01\/pro-1-1-1.jpg\" class=\"attachment-full size-full wp-image-15010\" alt=\"\" \/>\t\t\t\t\t\t\t\t\t\t\t\t\t\t\t<\/div>\n\t\t\t\t<\/div>\n\t\t\t\t\t<\/div>\n\t\t<\/div>\n\t\t\t\t\t<\/div>\n\t\t<\/section>\n\t\t\t\t\t<\/div>\n\t\t<\/div>\n\t\t\t\t<div class=\"elementor-column elementor-col-50 elementor-top-column elementor-element elementor-element-f10c0f1 ps-xl-4\" data-id=\"f10c0f1\" data-element_type=\"column\">\n\t\t\t<div class=\"elementor-widget-wrap elementor-element-populated\">\n\t\t\t\t\t\t<div class=\"elementor-element elementor-element-0a86125 elementor-widget elementor-widget-lendizsectiontitle\" data-id=\"0a86125\" data-element_type=\"widget\" data-widget_type=\"lendizsectiontitle.default\">\n\t\t\t\t<div class=\"elementor-widget-container\">\n\t\t\t\t\t<div class=\"section-title-wrapper margin-bottom-0\"><div class=\"title-wrap\"><span class=\"sub-title\">Missions<\/span><h2 class=\"section-title\">Notre Mission<\/h2><\/div><!-- .title-wrap --><div class=\"section-description\"><p class=\"txt\">La CDD est un acteur financier qui r\u00e9alise des investissements \u00e0 court, moyen, et long terme. Son p\u00e9rimetre d'actions s'articule autour de missions suivantes :<\/p><\/div><!-- .section-description --><\/div><!-- .section-title-wrapper -->\t\t\t\t<\/div>\n\t\t\t\t<\/div>\n\t\t\t\t\t<\/div>\n\t\t<\/div>\n\t\t\t\t\t<\/div>\n\t\t<\/section>\n\t\t<div class=\"elementor-element elementor-element-a3ba867 e-flex e-con-boxed e-con e-parent\" data-id=\"a3ba867\" data-element_type=\"container\">\n\t\t\t\t\t<div class=\"e-con-inner\">\n\t\t\t\t<div class=\"elementor-element elementor-element-dad81ec elementor-widget elementor-widget-text-editor\" data-id=\"dad81ec\" data-element_type=\"widget\" data-widget_type=\"text-editor.default\">\n\t\t\t\t<div class=\"elementor-widget-container\">\n\t\t\t\t\t\t\t\t\t<ul><li class=\"rtejustify\">\u200bRecevoir les fonds du public incluant les institutionnels et \u00e9tablissements publics ;<\/li><li class=\"rtejustify\">G\u00e9rer les D\u00e9p\u00f4ts des clients ;Octroyer des cr\u00e9dits et d\u00e9velopper notamment le microcr\u00e9dit dans les secteurs non couverts par des organismes publics ou priv\u00e9s ;<\/li><li class=\"rtejustify\">Octroyer des garanties aux bailleurs de fonds sur certains projets identifi\u00e9s ;<\/li><li class=\"rtejustify\">Emprunter sur les march\u00e9s et prendre des mesures de couverture des risques ;<\/li><li class=\"rtejustify\">D\u00e9velopper toute autre forme de ressources pour la Caisse pour accro\u00eetre l\u2019\u00e9pargne disponible de l\u2019\u00e9conomie mauritanienne et augmenter l\u2019activit\u00e9 de la Caisse au service de l\u2019\u00e9conomique et du social du pays et de l\u2019int\u00e9r\u00eat g\u00e9n\u00e9ral ;<\/li><li class=\"rtejustify\">G\u00e9rer les mandats donn\u00e9s par les clients, \u00e0 savoir (i) ]es \u00e9tablissements publics et entreprises nationales ou autres entit\u00e9s confiant une mission particuli\u00e8re \u00e0 la Caisse et (ii) les bailleurs de fonds d\u00e9sireux de financer le d\u00e9veloppement local en demandant \u00e0 la Caisse d\u2019intervenir en qualit\u00e9 de holding pour chaque projet identifi\u00e9 ;<\/li><li class=\"rtejustify\">G\u00e9rer pour compte propre ses propres deniers ;<\/li><li class=\"rtejustify\">Participer, en tant qu\u2019Investisseur de long terme, \u00e0 certains financements de projets identifi\u00e9s essentiels au d\u00e9veloppement \u00e9conomique et social du pays ;<\/li><li class=\"rtejustify\">Appuyer les politiques de d\u00e9veloppement d\u00e9centralis\u00e9 ;<\/li><li class=\"rtejustify\">Appuyer les politiques sociales dans les domaines, notamment : de l\u2019emploi, de la s\u00e9curit\u00e9 alimentaire, de l\u2019habitat social et de la promotion de la petite et moyenne entreprise.<\/li><\/ul>\t\t\t\t\t\t\t\t<\/div>\n\t\t\t\t<\/div>\n\t\t\t\t\t<\/div>\n\t\t\t\t<\/div>\n\t\t\t\t<\/div>\n\t\t","protected":false},"excerpt":{"rendered":"<p>Missions Notre Mission La CDD est un acteur financier qui r\u00e9alise des investissements \u00e0 court, moyen, et long terme. Son p\u00e9rimetre d&rsquo;actions s&rsquo;articule autour de missions suivantes : \u200bRecevoir les fonds du public incluant les institutionnels et \u00e9tablissements publics ; G\u00e9rer les D\u00e9p\u00f4ts des clients ;Octroyer des cr\u00e9dits et d\u00e9velopper notamment le microcr\u00e9dit dans les<\/p>\n","protected":false},"author":1,"featured_media":0,"parent":0,"menu_order":0,"comment_status":"closed","ping_status":"closed","template":"","meta":{"footnotes":""},"class_list":["post-18191","page","type-page","status-publish","hentry"],"_links":{"self":[{"href":"https:\/\/cdd.gov.mr\/fr\/wp-json\/wp\/v2\/pages\/18191","targetHints":{"allow":["GET"]}}],"collection":[{"href":"https:\/\/cdd.gov.mr\/fr\/wp-json\/wp\/v2\/pages"}],"about":[{"href":"https:\/\/cdd.gov.mr\/fr\/wp-json\/wp\/v2\/types\/page"}],"author":[{"embeddable":true,"href":"https:\/\/cdd.gov.mr\/fr\/wp-json\/wp\/v2\/users\/1"}],"replies":[{"embeddable":true,"href":"https:\/\/cdd.gov.mr\/fr\/wp-json\/wp\/v2\/comments?post=18191"}],"version-history":[{"count":10,"href":"https:\/\/cdd.gov.mr\/fr\/wp-json\/wp\/v2\/pages\/18191\/revisions"}],"predecessor-version":[{"id":19572,"href":"https:\/\/cdd.gov.mr\/fr\/wp-json\/wp\/v2\/pages\/18191\/revisions\/19572"}],"wp:attachment":[{"href":"https:\/\/cdd.gov.mr\/fr\/wp-json\/wp\/v2\/media?parent=18191"}],"curies":[{"name":"wp","href":"https:\/\/api.w.org\/{rel}","templated":true}]}}