{"id":17681,"date":"2022-08-10T11:39:26","date_gmt":"2022-08-10T11:39:26","guid":{"rendered":"https:\/\/elementor.zozothemes.com\/lendiz\/blog-classic-pro-copy\/"},"modified":"2022-08-10T11:39:26","modified_gmt":"2022-08-10T11:39:26","slug":"blog-classic-pro-with-sidebar","status":"publish","type":"page","link":"https:\/\/cdd.gov.mr\/fr\/blog-classic-pro-with-sidebar\/","title":{"rendered":"Blog Classic Pro With Sidebar"},"content":{"rendered":"\t\t<div data-elementor-type=\"wp-page\" data-elementor-id=\"17681\" class=\"elementor elementor-17681\">\n\t\t\t\t\t\t<section class=\"elementor-section elementor-top-section elementor-element elementor-element-b751bc3 elementor-section-boxed elementor-section-height-default elementor-section-height-default\" data-id=\"b751bc3\" data-element_type=\"section\">\n\t\t\t\t\t\t<div class=\"elementor-container elementor-column-gap-default\">\n\t\t\t\t\t<div class=\"elementor-column elementor-col-100 elementor-top-column elementor-element elementor-element-b446a28\" data-id=\"b446a28\" data-element_type=\"column\">\n\t\t\t<div class=\"elementor-widget-wrap elementor-element-populated\">\n\t\t\t\t\t\t<div class=\"elementor-element elementor-element-b50a208 elementor-widget elementor-widget-lendizblog\" data-id=\"b50a208\" data-element_type=\"widget\" data-widget_type=\"lendizblog.default\">\n\t\t\t\t\r\n\t\t<div class=\"elementor-widget-container blog-wrapper blog-style-classic-pro text-left blog-light blog-normal-model shortcode-rand-1 lendiz-inline-css\" data-css=\"&quot;.shortcode-rand-1.blog-wrapper .blog-inner .post-details-outer &gt; *:nth-child(1) { margin-bottom: 0px; }.shortcode-rand-1.blog-wrapper .blog-inner .post-details-outer &gt; *:nth-child(2) { margin-bottom: 0px; }.shortcode-rand-1.blog-wrapper .blog-inner .post-details-outer &gt; *:nth-child(3) { margin-bottom: 0px; }&quot;\">\r\n\t\t\r\n\t\t\t<div class=\"row\"><div class=\"col-lg-6 col-md-6\"><div class=\"blog-inner\"><div class=\"post-thumb post-overlay-active\"><img fetchpriority=\"high\" decoding=\"async\" width=\"1170\" height=\"694\" src=\"https:\/\/cdd.gov.mr\/wp-content\/uploads\/2025\/12\/Principale-1170x694.jpg\" class=\"img-fluid wp-post-image\" alt=\"\" srcset=\"https:\/\/cdd.gov.mr\/wp-content\/uploads\/2025\/12\/Principale-1170x694.jpg 1170w, https:\/\/cdd.gov.mr\/wp-content\/uploads\/2025\/12\/Principale-768x456.jpg 768w\" sizes=\"(max-width: 1170px) 100vw, 1170px\" \/><div class=\"post-overlay-items\"><div class=\"post-date\"><a href=\"https:\/\/cdd.gov.mr\/fr\/2025\/12\/02\/\" ><i class=\"ti-calendar\"><\/i> d\u00e9cembre 2, 2025<\/a><\/div><\/div><\/div><!-- .post-thumb --><div class=\"post-details-outer\"><div class=\"top-meta clearfix\"><ul class=\"nav top-meta-list meta-left\"><li><div class=\"post-date\"><a href=\"https:\/\/cdd.gov.mr\/fr\/2025\/12\/02\/\" ><i class=\"ti-calendar\"><\/i> d\u00e9cembre 2, 2025<\/a><\/div><\/li><\/ul><\/div><div class=\"entry-title\"><h3 class=\"post-title-head\"><a href=\"https:\/\/cdd.gov.mr\/fr\/2025\/12\/02\/la-cdd-organise-la-8eme-conference-internationale-du-forum-des-caisses-de-depot\/\" class=\"post-title\">La CDD organise la 8\u00e8me Conf\u00e9rence Internationale du Forum des Caisses de D\u00e9p\u00f4t<\/a><\/h3><\/div><!-- .entry-title --><div class=\"bottom-meta clearfix\"><ul class=\"nav bottom-meta-list meta-left\"><li><div class=\"post-more\"><a class=\"read-more\" href=\"https:\/\/cdd.gov.mr\/fr\/2025\/12\/02\/la-cdd-organise-la-8eme-conference-internationale-du-forum-des-caisses-de-depot\/\">Read More<\/a><\/div><\/li><\/ul><\/div><\/div><!-- .post-details-outer --><\/div><!-- .blog-inner --><\/div><!-- .col \/ .owl-carousel-item \/ .isotope --><div class=\"col-lg-6 col-md-6\"><div class=\"blog-inner\"><div class=\"post-thumb post-overlay-active\"><img decoding=\"async\" width=\"684\" height=\"694\" src=\"https:\/\/cdd.gov.mr\/wp-content\/uploads\/2025\/01\/472028599_919683050336718_2906393884659918749_n-684x694.jpg\" class=\"img-fluid wp-post-image\" alt=\"\" srcset=\"https:\/\/cdd.gov.mr\/wp-content\/uploads\/2025\/01\/472028599_919683050336718_2906393884659918749_n-684x694.jpg 684w, https:\/\/cdd.gov.mr\/wp-content\/uploads\/2025\/01\/472028599_919683050336718_2906393884659918749_n-80x80.jpg 80w\" sizes=\"(max-width: 684px) 100vw, 684px\" \/><div class=\"post-overlay-items\"><div class=\"post-date\"><a href=\"https:\/\/cdd.gov.mr\/fr\/2025\/01\/16\/\" ><i class=\"ti-calendar\"><\/i> janvier 16, 2025<\/a><\/div><\/div><\/div><!-- .post-thumb --><div class=\"post-details-outer\"><div class=\"top-meta clearfix\"><ul class=\"nav top-meta-list meta-left\"><li><div class=\"post-date\"><a href=\"https:\/\/cdd.gov.mr\/fr\/2025\/01\/16\/\" ><i class=\"ti-calendar\"><\/i> janvier 16, 2025<\/a><\/div><\/li><\/ul><\/div><div class=\"entry-title\"><h3 class=\"post-title-head\"><a href=\"https:\/\/cdd.gov.mr\/fr\/2025\/01\/16\/rencontre-des-caisses-de-depots-et-consignations-a-nouakchott-3\/\" class=\"post-title\">Nomination d\u2019un Nouveau Secr\u00e9taire G\u00e9n\u00e9ral \u00e0 la CDD<\/a><\/h3><\/div><!-- .entry-title --><div class=\"bottom-meta clearfix\"><ul class=\"nav bottom-meta-list meta-left\"><li><div class=\"post-more\"><a class=\"read-more\" href=\"https:\/\/cdd.gov.mr\/fr\/2025\/01\/16\/rencontre-des-caisses-de-depots-et-consignations-a-nouakchott-3\/\">Read More<\/a><\/div><\/li><\/ul><\/div><\/div><!-- .post-details-outer --><\/div><!-- .blog-inner --><\/div><!-- .col \/ .owl-carousel-item \/ .isotope --><\/div><!-- .row --><div class=\"row\"><div class=\"col-lg-6 col-md-6\"><div class=\"blog-inner\"><div class=\"post-thumb post-overlay-active\"><img decoding=\"async\" width=\"1170\" height=\"694\" src=\"https:\/\/cdd.gov.mr\/wp-content\/uploads\/2025\/02\/img-3-of-8-1170x694.jpg\" class=\"img-fluid wp-post-image\" alt=\"\" srcset=\"https:\/\/cdd.gov.mr\/wp-content\/uploads\/2025\/02\/img-3-of-8-1170x694.jpg 1170w, https:\/\/cdd.gov.mr\/wp-content\/uploads\/2025\/02\/img-3-of-8-768x456.jpg 768w\" sizes=\"(max-width: 1170px) 100vw, 1170px\" \/><div class=\"post-overlay-items\"><div class=\"post-date\"><a href=\"https:\/\/cdd.gov.mr\/fr\/2025\/01\/16\/\" ><i class=\"ti-calendar\"><\/i> janvier 16, 2025<\/a><\/div><\/div><\/div><!-- .post-thumb --><div class=\"post-details-outer\"><div class=\"top-meta clearfix\"><ul class=\"nav top-meta-list meta-left\"><li><div class=\"post-date\"><a href=\"https:\/\/cdd.gov.mr\/fr\/2025\/01\/16\/\" ><i class=\"ti-calendar\"><\/i> janvier 16, 2025<\/a><\/div><\/li><\/ul><\/div><div class=\"entry-title\"><h3 class=\"post-title-head\"><a href=\"https:\/\/cdd.gov.mr\/fr\/2025\/01\/16\/nomination-dun-nouveau-directeur-general-a-la-cdd-2\/\" class=\"post-title\">Nomination d\u2019un Nouveau Directeur G\u00e9n\u00e9ral \u00e0 la CDD<\/a><\/h3><\/div><!-- .entry-title --><div class=\"bottom-meta clearfix\"><ul class=\"nav bottom-meta-list meta-left\"><li><div class=\"post-more\"><a class=\"read-more\" href=\"https:\/\/cdd.gov.mr\/fr\/2025\/01\/16\/nomination-dun-nouveau-directeur-general-a-la-cdd-2\/\">Read More<\/a><\/div><\/li><\/ul><\/div><\/div><!-- .post-details-outer --><\/div><!-- .blog-inner --><\/div><!-- .col \/ .owl-carousel-item \/ .isotope --><div class=\"col-lg-6 col-md-6\"><div class=\"blog-inner\"><div class=\"post-thumb post-overlay-active\"><img loading=\"lazy\" decoding=\"async\" width=\"1170\" height=\"694\" src=\"https:\/\/cdd.gov.mr\/wp-content\/uploads\/2025\/01\/LNC_6158-1170x694.jpg\" class=\"img-fluid wp-post-image\" alt=\"\" srcset=\"https:\/\/cdd.gov.mr\/wp-content\/uploads\/2025\/01\/LNC_6158-1170x694.jpg 1170w, https:\/\/cdd.gov.mr\/wp-content\/uploads\/2025\/01\/LNC_6158-768x456.jpg 768w\" sizes=\"(max-width: 1170px) 100vw, 1170px\" \/><div class=\"post-overlay-items\"><div class=\"post-date\"><a href=\"https:\/\/cdd.gov.mr\/fr\/2024\/12\/04\/\" ><i class=\"ti-calendar\"><\/i> d\u00e9cembre 4, 2024<\/a><\/div><\/div><\/div><!-- .post-thumb --><div class=\"post-details-outer\"><div class=\"top-meta clearfix\"><ul class=\"nav top-meta-list meta-left\"><li><div class=\"post-date\"><a href=\"https:\/\/cdd.gov.mr\/fr\/2024\/12\/04\/\" ><i class=\"ti-calendar\"><\/i> d\u00e9cembre 4, 2024<\/a><\/div><\/li><\/ul><\/div><div class=\"entry-title\"><h3 class=\"post-title-head\"><a href=\"https:\/\/cdd.gov.mr\/fr\/2024\/12\/04\/rencontre-des-caisses-de-depots-et-consignations-a-nouakchott-2\/\" class=\"post-title\">Rencontre des Caisses de D\u00e9p\u00f4ts et Consignations \u00e0 Nouakchott<\/a><\/h3><\/div><!-- .entry-title --><div class=\"bottom-meta clearfix\"><ul class=\"nav bottom-meta-list meta-left\"><li><div class=\"post-more\"><a class=\"read-more\" href=\"https:\/\/cdd.gov.mr\/fr\/2024\/12\/04\/rencontre-des-caisses-de-depots-et-consignations-a-nouakchott-2\/\">Read More<\/a><\/div><\/li><\/ul><\/div><\/div><!-- .post-details-outer --><\/div><!-- .blog-inner --><\/div><!-- .col \/ .owl-carousel-item \/ .isotope --><\/div><!-- .row --><div class=\"row\"><div class=\"col-lg-6 col-md-6\"><div class=\"blog-inner\"><div class=\"post-thumb post-overlay-active\"><img loading=\"lazy\" decoding=\"async\" width=\"1024\" height=\"683\" src=\"https:\/\/cdd.gov.mr\/wp-content\/uploads\/2025\/01\/IMG_4719-Avecaccentuation-Bruit-23.png\" class=\"img-fluid wp-post-image\" alt=\"\" srcset=\"https:\/\/cdd.gov.mr\/wp-content\/uploads\/2025\/01\/IMG_4719-Avecaccentuation-Bruit-23.png 1024w, https:\/\/cdd.gov.mr\/wp-content\/uploads\/2025\/01\/IMG_4719-Avecaccentuation-Bruit-23-768x512.png 768w\" sizes=\"(max-width: 1024px) 100vw, 1024px\" \/><div class=\"post-overlay-items\"><div class=\"post-date\"><a href=\"https:\/\/cdd.gov.mr\/fr\/2024\/11\/21\/\" ><i class=\"ti-calendar\"><\/i> novembre 21, 2024<\/a><\/div><\/div><\/div><!-- .post-thumb --><div class=\"post-details-outer\"><div class=\"top-meta clearfix\"><ul class=\"nav top-meta-list meta-left\"><li><div class=\"post-date\"><a href=\"https:\/\/cdd.gov.mr\/fr\/2024\/11\/21\/\" ><i class=\"ti-calendar\"><\/i> novembre 21, 2024<\/a><\/div><\/li><\/ul><\/div><div class=\"entry-title\"><h3 class=\"post-title-head\"><a href=\"https:\/\/cdd.gov.mr\/fr\/2024\/11\/21\/projet-diasdev-la-cdd-presente-ses-resultats-et-perspectives\/\" class=\"post-title\">Projet DIASDEV : La CDD pr\u00e9sente ses r\u00e9sultats et perspectives<\/a><\/h3><\/div><!-- .entry-title --><div class=\"bottom-meta clearfix\"><ul class=\"nav bottom-meta-list meta-left\"><li><div class=\"post-more\"><a class=\"read-more\" href=\"https:\/\/cdd.gov.mr\/fr\/2024\/11\/21\/projet-diasdev-la-cdd-presente-ses-resultats-et-perspectives\/\">Read More<\/a><\/div><\/li><\/ul><\/div><\/div><!-- .post-details-outer --><\/div><!-- .blog-inner --><\/div><!-- .col \/ .owl-carousel-item \/ .isotope --><div class=\"col-lg-6 col-md-6\"><div class=\"blog-inner\"><div class=\"post-thumb post-overlay-active\"><img loading=\"lazy\" decoding=\"async\" width=\"1170\" height=\"694\" src=\"https:\/\/cdd.gov.mr\/wp-content\/uploads\/2025\/01\/20241108_113559-1170x694.jpg\" class=\"img-fluid wp-post-image\" alt=\"\" srcset=\"https:\/\/cdd.gov.mr\/wp-content\/uploads\/2025\/01\/20241108_113559-1170x694.jpg 1170w, https:\/\/cdd.gov.mr\/wp-content\/uploads\/2025\/01\/20241108_113559-768x456.jpg 768w\" sizes=\"(max-width: 1170px) 100vw, 1170px\" \/><div class=\"post-overlay-items\"><div class=\"post-date\"><a href=\"https:\/\/cdd.gov.mr\/fr\/2024\/11\/09\/\" ><i class=\"ti-calendar\"><\/i> novembre 9, 2024<\/a><\/div><\/div><\/div><!-- .post-thumb --><div class=\"post-details-outer\"><div class=\"top-meta clearfix\"><ul class=\"nav top-meta-list meta-left\"><li><div class=\"post-date\"><a href=\"https:\/\/cdd.gov.mr\/fr\/2024\/11\/09\/\" ><i class=\"ti-calendar\"><\/i> novembre 9, 2024<\/a><\/div><\/li><\/ul><\/div><div class=\"entry-title\"><h3 class=\"post-title-head\"><a href=\"https:\/\/cdd.gov.mr\/fr\/2024\/11\/09\/le-club-dsi-du-forum-des-caisses-des-depots-sest-reuni-a-hammamet\/\" class=\"post-title\">Le Club DSI du forum des caisses des d\u00e9p\u00f4ts s&rsquo;est r\u00e9uni \u00e0 Hammamet<\/a><\/h3><\/div><!-- .entry-title --><div class=\"bottom-meta clearfix\"><ul class=\"nav bottom-meta-list meta-left\"><li><div class=\"post-more\"><a class=\"read-more\" href=\"https:\/\/cdd.gov.mr\/fr\/2024\/11\/09\/le-club-dsi-du-forum-des-caisses-des-depots-sest-reuni-a-hammamet\/\">Read More<\/a><\/div><\/li><\/ul><\/div><\/div><!-- .post-details-outer --><\/div><!-- .blog-inner --><\/div><!-- .col \/ .owl-carousel-item \/ .isotope --><\/div><!-- .row -->\t\t\t\r\n\t\t<\/div>\r\n\t\t\t\t<\/div>\n\t\t\t\t\t<\/div>\n\t\t<\/div>\n\t\t\t\t\t<\/div>\n\t\t<\/section>\n\t\t\t\t<\/div>\n\t\t","protected":false},"excerpt":{"rendered":"<p>April 21, 2020 April 21, 2020 Bigger home is the goal right? Read More April 19, 2019 April 19, 2019 Choosing right education loan Read More April 19, 2019 April 19, 2019 Business financing loans Read More April 19, 2019 April 19, 2019 Better tips for saving money Read More April 19, 2019 April 19,<\/p>\n","protected":false},"author":1,"featured_media":0,"parent":0,"menu_order":0,"comment_status":"closed","ping_status":"closed","template":"","meta":{"footnotes":""},"class_list":["post-17681","page","type-page","status-publish","hentry"],"_links":{"self":[{"href":"https:\/\/cdd.gov.mr\/fr\/wp-json\/wp\/v2\/pages\/17681","targetHints":{"allow":["GET"]}}],"collection":[{"href":"https:\/\/cdd.gov.mr\/fr\/wp-json\/wp\/v2\/pages"}],"about":[{"href":"https:\/\/cdd.gov.mr\/fr\/wp-json\/wp\/v2\/types\/page"}],"author":[{"embeddable":true,"href":"https:\/\/cdd.gov.mr\/fr\/wp-json\/wp\/v2\/users\/1"}],"replies":[{"embeddable":true,"href":"https:\/\/cdd.gov.mr\/fr\/wp-json\/wp\/v2\/comments?post=17681"}],"version-history":[{"count":0,"href":"https:\/\/cdd.gov.mr\/fr\/wp-json\/wp\/v2\/pages\/17681\/revisions"}],"wp:attachment":[{"href":"https:\/\/cdd.gov.mr\/fr\/wp-json\/wp\/v2\/media?parent=17681"}],"curies":[{"name":"wp","href":"https:\/\/api.w.org\/{rel}","templated":true}]}}