{"id":17677,"date":"2022-08-10T11:38:28","date_gmt":"2022-08-10T11:38:28","guid":{"rendered":"https:\/\/elementor.zozothemes.com\/lendiz\/blog-list-copy\/"},"modified":"2022-08-10T11:38:28","modified_gmt":"2022-08-10T11:38:28","slug":"blog-list-with-sidebar","status":"publish","type":"page","link":"https:\/\/cdd.gov.mr\/fr\/blog-list-with-sidebar\/","title":{"rendered":"Blog List With Sidebar"},"content":{"rendered":"\t\t<div data-elementor-type=\"wp-page\" data-elementor-id=\"17677\" class=\"elementor elementor-17677\">\n\t\t\t\t\t\t<section class=\"elementor-section elementor-top-section elementor-element elementor-element-b751bc3 elementor-section-boxed elementor-section-height-default elementor-section-height-default\" data-id=\"b751bc3\" data-element_type=\"section\">\n\t\t\t\t\t\t<div class=\"elementor-container elementor-column-gap-default\">\n\t\t\t\t\t<div class=\"elementor-column elementor-col-100 elementor-top-column elementor-element elementor-element-b446a28\" data-id=\"b446a28\" data-element_type=\"column\">\n\t\t\t<div class=\"elementor-widget-wrap elementor-element-populated\">\n\t\t\t\t\t\t<div class=\"elementor-element elementor-element-b50a208 elementor-widget elementor-widget-lendizblog\" data-id=\"b50a208\" data-element_type=\"widget\" data-widget_type=\"lendizblog.default\">\n\t\t\t\t\r\n\t\t<div class=\"elementor-widget-container blog-wrapper blog-style-list text-left blog-light blog-normal-model shortcode-rand-1 lendiz-inline-css\" data-css=\"&quot;.shortcode-rand-1.blog-wrapper .blog-inner .media &gt; .media-body &gt; *:nth-child(1) { margin-bottom: 4px; }.shortcode-rand-1.blog-wrapper .blog-inner .media &gt; .media-body &gt; *:nth-child(2) { margin-bottom: 10px; }.shortcode-rand-1.blog-wrapper .blog-inner .media &gt; .media-body &gt; *:nth-child(3) { margin-bottom: 10px; }&quot;\">\r\n\t\t\r\n\t\t\t<div class=\"row\"><div class=\"col-lg-12 col-md-12\"><div class=\"blog-inner\"><div class=\"media\"><div class=\"post-thumb\"><img fetchpriority=\"high\" decoding=\"async\" height=\"600\" width=\"767\" class=\"img-fluid\" alt=\"La CDD organise la 8\u00e8me Conf\u00e9rence Internationale du Forum des Caisses de D\u00e9p\u00f4t\" src=\"https:\/\/cdd.gov.mr\/wp-content\/uploads\/2025\/12\/Principale-scaled-767x600.jpg\"\/><\/div><!-- .post-thumb --><div class=\"media-body\"><div class=\"top-meta clearfix\"><ul class=\"nav top-meta-list meta-left\"><li><div class=\"post-date\"><a href=\"https:\/\/cdd.gov.mr\/fr\/2025\/12\/02\/\" ><i class=\"ti-calendar\"><\/i> d\u00e9cembre 2, 2025<\/a><\/div><\/li><\/ul><\/div><div class=\"entry-title\"><h4 class=\"post-title-head\"><a href=\"https:\/\/cdd.gov.mr\/fr\/2025\/12\/02\/la-cdd-organise-la-8eme-conference-internationale-du-forum-des-caisses-de-depot\/\" class=\"post-title\">La CDD organise la 8\u00e8me Conf\u00e9rence Internationale du Forum des Caisses de D\u00e9p\u00f4t<\/a><\/h4><\/div><!-- .entry-title --><div class=\"post-excerpt\"><p>Nouakchott, Mauritanie \u2013 2 d\u00e9cembre 2025 \u2013 Le Forum des Caisses de D\u00e9p\u00f4ts sous pr\u00e9sidence de la<\/p>\n<\/div><!-- .post-excerpt --><div class=\"bottom-meta clearfix\"><ul class=\"nav bottom-meta-list meta-left\"><li><div class=\"post-more\"><a class=\"read-more\" href=\"https:\/\/cdd.gov.mr\/fr\/2025\/12\/02\/la-cdd-organise-la-8eme-conference-internationale-du-forum-des-caisses-de-depot\/\">Read More<\/a><\/div><\/li><\/ul><\/div><\/div><!-- .media-body --><\/div><!-- .media --><\/div><!-- .blog-inner --><\/div><!-- .col \/ .owl-carousel-item \/ .isotope --><\/div><!-- .row --><div class=\"row\"><div class=\"col-lg-12 col-md-12\"><div class=\"blog-inner\"><div class=\"media\"><div class=\"post-thumb\"><img decoding=\"async\" height=\"694\" width=\"684\" class=\"img-fluid\" alt=\"Nomination d\u2019un Nouveau Secr\u00e9taire G\u00e9n\u00e9ral \u00e0 la CDD\" src=\"https:\/\/cdd.gov.mr\/wp-content\/uploads\/2025\/01\/472028599_919683050336718_2906393884659918749_n-684x694.jpg\"\/><\/div><!-- .post-thumb --><div class=\"media-body\"><div class=\"top-meta clearfix\"><ul class=\"nav top-meta-list meta-left\"><li><div class=\"post-date\"><a href=\"https:\/\/cdd.gov.mr\/fr\/2025\/01\/16\/\" ><i class=\"ti-calendar\"><\/i> janvier 16, 2025<\/a><\/div><\/li><\/ul><\/div><div class=\"entry-title\"><h4 class=\"post-title-head\"><a href=\"https:\/\/cdd.gov.mr\/fr\/2025\/01\/16\/rencontre-des-caisses-de-depots-et-consignations-a-nouakchott-3\/\" class=\"post-title\">Nomination d\u2019un Nouveau Secr\u00e9taire G\u00e9n\u00e9ral \u00e0 la CDD<\/a><\/h4><\/div><!-- .entry-title --><div class=\"post-excerpt\"><p>Lors du Conseil des ministres du 16 janvier 2025,\u00a0M. Mohamed Abdellahi LEMRABOT\u00a0a \u00e9t\u00e9 nomm\u00e9 Secr\u00e9taire G\u00e9n\u00e9ral de<\/p>\n<\/div><!-- .post-excerpt --><div class=\"bottom-meta clearfix\"><ul class=\"nav bottom-meta-list meta-left\"><li><div class=\"post-more\"><a class=\"read-more\" href=\"https:\/\/cdd.gov.mr\/fr\/2025\/01\/16\/rencontre-des-caisses-de-depots-et-consignations-a-nouakchott-3\/\">Read More<\/a><\/div><\/li><\/ul><\/div><\/div><!-- .media-body --><\/div><!-- .media --><\/div><!-- .blog-inner --><\/div><!-- .col \/ .owl-carousel-item \/ .isotope --><\/div><!-- .row --><div class=\"row\"><div class=\"col-lg-12 col-md-12\"><div class=\"blog-inner\"><div class=\"media\"><div class=\"post-thumb\"><img decoding=\"async\" height=\"600\" width=\"767\" class=\"img-fluid\" alt=\"Nomination d\u2019un Nouveau Directeur G\u00e9n\u00e9ral \u00e0 la CDD\" src=\"https:\/\/cdd.gov.mr\/wp-content\/uploads\/2025\/02\/img-3-of-8-scaled-767x600.jpg\"\/><\/div><!-- .post-thumb --><div class=\"media-body\"><div class=\"top-meta clearfix\"><ul class=\"nav top-meta-list meta-left\"><li><div class=\"post-date\"><a href=\"https:\/\/cdd.gov.mr\/fr\/2025\/01\/16\/\" ><i class=\"ti-calendar\"><\/i> janvier 16, 2025<\/a><\/div><\/li><\/ul><\/div><div class=\"entry-title\"><h4 class=\"post-title-head\"><a href=\"https:\/\/cdd.gov.mr\/fr\/2025\/01\/16\/nomination-dun-nouveau-directeur-general-a-la-cdd-2\/\" class=\"post-title\">Nomination d\u2019un Nouveau Directeur G\u00e9n\u00e9ral \u00e0 la CDD<\/a><\/h4><\/div><!-- .entry-title --><div class=\"post-excerpt\"><p>Par d\u00e9cret pr\u00e9sidentiel en date du 16 janvier,\u00a0M. Mohameden CHEIKH ABDELLAHI\u00a0a \u00e9t\u00e9 nomm\u00e9 Directeur G\u00e9n\u00e9ral de la<\/p>\n<\/div><!-- .post-excerpt --><div class=\"bottom-meta clearfix\"><ul class=\"nav bottom-meta-list meta-left\"><li><div class=\"post-more\"><a class=\"read-more\" href=\"https:\/\/cdd.gov.mr\/fr\/2025\/01\/16\/nomination-dun-nouveau-directeur-general-a-la-cdd-2\/\">Read More<\/a><\/div><\/li><\/ul><\/div><\/div><!-- .media-body --><\/div><!-- .media --><\/div><!-- .blog-inner --><\/div><!-- .col \/ .owl-carousel-item \/ .isotope --><\/div><!-- .row --><div class=\"row\"><div class=\"col-lg-12 col-md-12\"><div class=\"blog-inner\"><div class=\"media\"><div class=\"post-thumb\"><img loading=\"lazy\" decoding=\"async\" height=\"600\" width=\"767\" class=\"img-fluid\" alt=\"Rencontre des Caisses de D\u00e9p\u00f4ts et Consignations \u00e0 Nouakchott\" src=\"https:\/\/cdd.gov.mr\/wp-content\/uploads\/2025\/01\/LNC_6158-767x600.jpg\"\/><\/div><!-- .post-thumb --><div class=\"media-body\"><div class=\"top-meta clearfix\"><ul class=\"nav top-meta-list meta-left\"><li><div class=\"post-date\"><a href=\"https:\/\/cdd.gov.mr\/fr\/2024\/12\/04\/\" ><i class=\"ti-calendar\"><\/i> d\u00e9cembre 4, 2024<\/a><\/div><\/li><\/ul><\/div><div class=\"entry-title\"><h4 class=\"post-title-head\"><a href=\"https:\/\/cdd.gov.mr\/fr\/2024\/12\/04\/rencontre-des-caisses-de-depots-et-consignations-a-nouakchott-2\/\" class=\"post-title\">Rencontre des Caisses de D\u00e9p\u00f4ts et Consignations \u00e0 Nouakchott<\/a><\/h4><\/div><!-- .entry-title --><div class=\"post-excerpt\"><p>Communiqu\u00e9 de presse Rencontre des Caisses de D\u00e9p\u00f4ts et Consignations Nouakchott, les 4 et 5 d\u00e9cembre 2024<\/p>\n<\/div><!-- .post-excerpt --><div class=\"bottom-meta clearfix\"><ul class=\"nav bottom-meta-list meta-left\"><li><div class=\"post-more\"><a class=\"read-more\" href=\"https:\/\/cdd.gov.mr\/fr\/2024\/12\/04\/rencontre-des-caisses-de-depots-et-consignations-a-nouakchott-2\/\">Read More<\/a><\/div><\/li><\/ul><\/div><\/div><!-- .media-body --><\/div><!-- .media --><\/div><!-- .blog-inner --><\/div><!-- .col \/ .owl-carousel-item \/ .isotope --><\/div><!-- .row --><div class=\"row\"><div class=\"col-lg-12 col-md-12\"><div class=\"blog-inner\"><div class=\"media\"><div class=\"post-thumb\"><img loading=\"lazy\" decoding=\"async\" height=\"600\" width=\"767\" class=\"img-fluid\" alt=\"Projet DIASDEV : La CDD pr\u00e9sente ses r\u00e9sultats et perspectives\" src=\"https:\/\/cdd.gov.mr\/wp-content\/uploads\/2025\/01\/IMG_4719-Avecaccentuation-Bruit-23-767x600.png\"\/><\/div><!-- .post-thumb --><div class=\"media-body\"><div class=\"top-meta clearfix\"><ul class=\"nav top-meta-list meta-left\"><li><div class=\"post-date\"><a href=\"https:\/\/cdd.gov.mr\/fr\/2024\/11\/21\/\" ><i class=\"ti-calendar\"><\/i> novembre 21, 2024<\/a><\/div><\/li><\/ul><\/div><div class=\"entry-title\"><h4 class=\"post-title-head\"><a href=\"https:\/\/cdd.gov.mr\/fr\/2024\/11\/21\/projet-diasdev-la-cdd-presente-ses-resultats-et-perspectives\/\" class=\"post-title\">Projet DIASDEV : La CDD pr\u00e9sente ses r\u00e9sultats et perspectives<\/a><\/h4><\/div><!-- .entry-title --><div class=\"post-excerpt\"><p>Tout comme les Caisses des D\u00e9p\u00f4ts et Consignations de C\u00f4te d\u2019Ivoire, du S\u00e9n\u00e9gal, de la Tunisie et<\/p>\n<\/div><!-- .post-excerpt --><div class=\"bottom-meta clearfix\"><ul class=\"nav bottom-meta-list meta-left\"><li><div class=\"post-more\"><a class=\"read-more\" href=\"https:\/\/cdd.gov.mr\/fr\/2024\/11\/21\/projet-diasdev-la-cdd-presente-ses-resultats-et-perspectives\/\">Read More<\/a><\/div><\/li><\/ul><\/div><\/div><!-- .media-body --><\/div><!-- .media --><\/div><!-- .blog-inner --><\/div><!-- .col \/ .owl-carousel-item \/ .isotope --><\/div><!-- .row --><div class=\"row\"><div class=\"col-lg-12 col-md-12\"><div class=\"blog-inner\"><div class=\"media\"><div class=\"post-thumb\"><img loading=\"lazy\" decoding=\"async\" height=\"600\" width=\"767\" class=\"img-fluid\" alt=\"Le Club DSI du forum des caisses des d\u00e9p\u00f4ts s&rsquo;est r\u00e9uni \u00e0 Hammamet\" src=\"https:\/\/cdd.gov.mr\/wp-content\/uploads\/2025\/01\/20241108_113559-767x600.jpg\"\/><\/div><!-- .post-thumb --><div class=\"media-body\"><div class=\"top-meta clearfix\"><ul class=\"nav top-meta-list meta-left\"><li><div class=\"post-date\"><a href=\"https:\/\/cdd.gov.mr\/fr\/2024\/11\/09\/\" ><i class=\"ti-calendar\"><\/i> novembre 9, 2024<\/a><\/div><\/li><\/ul><\/div><div class=\"entry-title\"><h4 class=\"post-title-head\"><a href=\"https:\/\/cdd.gov.mr\/fr\/2024\/11\/09\/le-club-dsi-du-forum-des-caisses-des-depots-sest-reuni-a-hammamet\/\" class=\"post-title\">Le Club DSI du forum des caisses des d\u00e9p\u00f4ts s&rsquo;est r\u00e9uni \u00e0 Hammamet<\/a><\/h4><\/div><!-- .entry-title --><div class=\"post-excerpt\"><p>\u00c0 l\u2019invitation de la&nbsp;CDC tunisienne, le&nbsp;Club DSI&nbsp;du Forum des Caisses de D\u00e9p\u00f4t s\u2019est r\u00e9uni en pr\u00e9sentiel le&nbsp;8<\/p>\n<\/div><!-- .post-excerpt --><div class=\"bottom-meta clearfix\"><ul class=\"nav bottom-meta-list meta-left\"><li><div class=\"post-more\"><a class=\"read-more\" href=\"https:\/\/cdd.gov.mr\/fr\/2024\/11\/09\/le-club-dsi-du-forum-des-caisses-des-depots-sest-reuni-a-hammamet\/\">Read More<\/a><\/div><\/li><\/ul><\/div><\/div><!-- .media-body --><\/div><!-- .media --><\/div><!-- .blog-inner --><\/div><!-- .col \/ .owl-carousel-item \/ .isotope --><\/div><!-- .row -->\t\t\t\r\n\t\t<\/div>\r\n\t\t\t\t<\/div>\n\t\t\t\t\t<\/div>\n\t\t<\/div>\n\t\t\t\t\t<\/div>\n\t\t<\/section>\n\t\t\t\t<\/div>\n\t\t","protected":false},"excerpt":{"rendered":"<p>April 21, 2020 Bigger home is the goal right? Lorem Ipsum is simply dummy text of the<\/p>\n","protected":false},"author":1,"featured_media":0,"parent":0,"menu_order":0,"comment_status":"closed","ping_status":"closed","template":"","meta":{"footnotes":""},"class_list":["post-17677","page","type-page","status-publish","hentry"],"_links":{"self":[{"href":"https:\/\/cdd.gov.mr\/fr\/wp-json\/wp\/v2\/pages\/17677","targetHints":{"allow":["GET"]}}],"collection":[{"href":"https:\/\/cdd.gov.mr\/fr\/wp-json\/wp\/v2\/pages"}],"about":[{"href":"https:\/\/cdd.gov.mr\/fr\/wp-json\/wp\/v2\/types\/page"}],"author":[{"embeddable":true,"href":"https:\/\/cdd.gov.mr\/fr\/wp-json\/wp\/v2\/users\/1"}],"replies":[{"embeddable":true,"href":"https:\/\/cdd.gov.mr\/fr\/wp-json\/wp\/v2\/comments?post=17677"}],"version-history":[{"count":0,"href":"https:\/\/cdd.gov.mr\/fr\/wp-json\/wp\/v2\/pages\/17677\/revisions"}],"wp:attachment":[{"href":"https:\/\/cdd.gov.mr\/fr\/wp-json\/wp\/v2\/media?parent=17677"}],"curies":[{"name":"wp","href":"https:\/\/api.w.org\/{rel}","templated":true}]}}