{"id":16983,"date":"2021-05-21T08:53:32","date_gmt":"2021-05-21T08:53:32","guid":{"rendered":"https:\/\/elementor.zozothemes.com\/lendiz\/blog-grid-copy\/"},"modified":"2021-05-21T08:53:32","modified_gmt":"2021-05-21T08:53:32","slug":"blog-list","status":"publish","type":"page","link":"https:\/\/cdd.gov.mr\/fr\/blog-list\/","title":{"rendered":"Blog  List"},"content":{"rendered":"\t\t<div data-elementor-type=\"wp-page\" data-elementor-id=\"16983\" class=\"elementor elementor-16983\">\n\t\t\t\t\t\t<section class=\"elementor-section elementor-top-section elementor-element elementor-element-b751bc3 elementor-section-boxed elementor-section-height-default elementor-section-height-default\" data-id=\"b751bc3\" data-element_type=\"section\">\n\t\t\t\t\t\t<div class=\"elementor-container elementor-column-gap-default\">\n\t\t\t\t\t<div class=\"elementor-column elementor-col-100 elementor-top-column elementor-element elementor-element-b446a28\" data-id=\"b446a28\" data-element_type=\"column\">\n\t\t\t<div class=\"elementor-widget-wrap elementor-element-populated\">\n\t\t\t\t\t\t<div class=\"elementor-element elementor-element-b50a208 elementor-widget elementor-widget-lendizblog\" data-id=\"b50a208\" data-element_type=\"widget\" data-widget_type=\"lendizblog.default\">\n\t\t\t\t\r\n\t\t<div class=\"elementor-widget-container blog-wrapper blog-style-list text-left blog-light blog-normal-model shortcode-rand-1 lendiz-inline-css\" data-css=\"&quot;.shortcode-rand-1.blog-wrapper .blog-inner .media &gt; .media-body &gt; *:nth-child(1) { margin-bottom: 15px; }.shortcode-rand-1.blog-wrapper .blog-inner .media &gt; .media-body &gt; *:nth-child(2) { margin-bottom: 0px; }.shortcode-rand-1.blog-wrapper .blog-inner .media &gt; .media-body &gt; *:nth-child(3) { margin-bottom: 0px; }&quot;\">\r\n\t\t\r\n\t\t\t<div class=\"row\"><div class=\"col-lg-6 col-md-6\"><div class=\"blog-inner\"><div class=\"media\"><div class=\"post-thumb\"><img fetchpriority=\"high\" decoding=\"async\" height=\"600\" width=\"767\" class=\"img-fluid\" alt=\"La CDD organise la 8\u00e8me Conf\u00e9rence Internationale du Forum des Caisses de D\u00e9p\u00f4t\" src=\"https:\/\/cdd.gov.mr\/wp-content\/uploads\/2025\/12\/Principale-scaled-767x600.jpg\"\/><\/div><!-- .post-thumb --><div class=\"media-body\"><div class=\"top-meta clearfix\"><ul class=\"nav top-meta-list meta-left\"><li><div class=\"post-date\"><a href=\"https:\/\/cdd.gov.mr\/fr\/2025\/12\/02\/\" ><i class=\"ti-calendar\"><\/i> d\u00e9cembre 2, 2025<\/a><\/div><\/li><\/ul><\/div><div class=\"entry-title\"><h4 class=\"post-title-head\"><a href=\"https:\/\/cdd.gov.mr\/fr\/2025\/12\/02\/la-cdd-organise-la-8eme-conference-internationale-du-forum-des-caisses-de-depot\/\" class=\"post-title\">La CDD organise la 8\u00e8me Conf\u00e9rence Internationale du Forum des Caisses de D\u00e9p\u00f4t<\/a><\/h4><\/div><!-- .entry-title --><div class=\"bottom-meta clearfix\"><ul class=\"nav bottom-meta-list meta-left\"><li><div class=\"post-more\"><a class=\"read-more\" href=\"https:\/\/cdd.gov.mr\/fr\/2025\/12\/02\/la-cdd-organise-la-8eme-conference-internationale-du-forum-des-caisses-de-depot\/\">Read More<\/a><\/div><\/li><\/ul><\/div><\/div><!-- .media-body --><\/div><!-- .media --><\/div><!-- .blog-inner --><\/div><!-- .col \/ .owl-carousel-item \/ .isotope --><div class=\"col-lg-6 col-md-6\"><div class=\"blog-inner\"><div class=\"media\"><div class=\"post-thumb\"><img decoding=\"async\" height=\"694\" width=\"684\" class=\"img-fluid\" alt=\"Nomination d\u2019un Nouveau Secr\u00e9taire G\u00e9n\u00e9ral \u00e0 la CDD\" src=\"https:\/\/cdd.gov.mr\/wp-content\/uploads\/2025\/01\/472028599_919683050336718_2906393884659918749_n-684x694.jpg\"\/><\/div><!-- .post-thumb --><div class=\"media-body\"><div class=\"top-meta clearfix\"><ul class=\"nav top-meta-list meta-left\"><li><div class=\"post-date\"><a href=\"https:\/\/cdd.gov.mr\/fr\/2025\/01\/16\/\" ><i class=\"ti-calendar\"><\/i> janvier 16, 2025<\/a><\/div><\/li><\/ul><\/div><div class=\"entry-title\"><h4 class=\"post-title-head\"><a href=\"https:\/\/cdd.gov.mr\/fr\/2025\/01\/16\/rencontre-des-caisses-de-depots-et-consignations-a-nouakchott-3\/\" class=\"post-title\">Nomination d\u2019un Nouveau Secr\u00e9taire G\u00e9n\u00e9ral \u00e0 la CDD<\/a><\/h4><\/div><!-- .entry-title --><div class=\"bottom-meta clearfix\"><ul class=\"nav bottom-meta-list meta-left\"><li><div class=\"post-more\"><a class=\"read-more\" href=\"https:\/\/cdd.gov.mr\/fr\/2025\/01\/16\/rencontre-des-caisses-de-depots-et-consignations-a-nouakchott-3\/\">Read More<\/a><\/div><\/li><\/ul><\/div><\/div><!-- .media-body --><\/div><!-- .media --><\/div><!-- .blog-inner --><\/div><!-- .col \/ .owl-carousel-item \/ .isotope --><\/div><!-- .row --><div class=\"row\"><div class=\"col-lg-6 col-md-6\"><div class=\"blog-inner\"><div class=\"media\"><div class=\"post-thumb\"><img decoding=\"async\" height=\"600\" width=\"767\" class=\"img-fluid\" alt=\"Nomination d\u2019un Nouveau Directeur G\u00e9n\u00e9ral \u00e0 la CDD\" src=\"https:\/\/cdd.gov.mr\/wp-content\/uploads\/2025\/02\/img-3-of-8-scaled-767x600.jpg\"\/><\/div><!-- .post-thumb --><div class=\"media-body\"><div class=\"top-meta clearfix\"><ul class=\"nav top-meta-list meta-left\"><li><div class=\"post-date\"><a href=\"https:\/\/cdd.gov.mr\/fr\/2025\/01\/16\/\" ><i class=\"ti-calendar\"><\/i> janvier 16, 2025<\/a><\/div><\/li><\/ul><\/div><div class=\"entry-title\"><h4 class=\"post-title-head\"><a href=\"https:\/\/cdd.gov.mr\/fr\/2025\/01\/16\/nomination-dun-nouveau-directeur-general-a-la-cdd-2\/\" class=\"post-title\">Nomination d\u2019un Nouveau Directeur G\u00e9n\u00e9ral \u00e0 la CDD<\/a><\/h4><\/div><!-- .entry-title --><div class=\"bottom-meta clearfix\"><ul class=\"nav bottom-meta-list meta-left\"><li><div class=\"post-more\"><a class=\"read-more\" href=\"https:\/\/cdd.gov.mr\/fr\/2025\/01\/16\/nomination-dun-nouveau-directeur-general-a-la-cdd-2\/\">Read More<\/a><\/div><\/li><\/ul><\/div><\/div><!-- .media-body --><\/div><!-- .media --><\/div><!-- .blog-inner --><\/div><!-- .col \/ .owl-carousel-item \/ .isotope --><div class=\"col-lg-6 col-md-6\"><div class=\"blog-inner\"><div class=\"media\"><div class=\"post-thumb\"><img loading=\"lazy\" decoding=\"async\" height=\"600\" width=\"767\" class=\"img-fluid\" alt=\"Rencontre des Caisses de D\u00e9p\u00f4ts et Consignations \u00e0 Nouakchott\" src=\"https:\/\/cdd.gov.mr\/wp-content\/uploads\/2025\/01\/LNC_6158-767x600.jpg\"\/><\/div><!-- .post-thumb --><div class=\"media-body\"><div class=\"top-meta clearfix\"><ul class=\"nav top-meta-list meta-left\"><li><div class=\"post-date\"><a href=\"https:\/\/cdd.gov.mr\/fr\/2024\/12\/04\/\" ><i class=\"ti-calendar\"><\/i> d\u00e9cembre 4, 2024<\/a><\/div><\/li><\/ul><\/div><div class=\"entry-title\"><h4 class=\"post-title-head\"><a href=\"https:\/\/cdd.gov.mr\/fr\/2024\/12\/04\/rencontre-des-caisses-de-depots-et-consignations-a-nouakchott-2\/\" class=\"post-title\">Rencontre des Caisses de D\u00e9p\u00f4ts et Consignations \u00e0 Nouakchott<\/a><\/h4><\/div><!-- .entry-title --><div class=\"bottom-meta clearfix\"><ul class=\"nav bottom-meta-list meta-left\"><li><div class=\"post-more\"><a class=\"read-more\" href=\"https:\/\/cdd.gov.mr\/fr\/2024\/12\/04\/rencontre-des-caisses-de-depots-et-consignations-a-nouakchott-2\/\">Read More<\/a><\/div><\/li><\/ul><\/div><\/div><!-- .media-body --><\/div><!-- .media --><\/div><!-- .blog-inner --><\/div><!-- .col \/ .owl-carousel-item \/ .isotope --><\/div><!-- .row --><div class=\"row\"><div class=\"col-lg-6 col-md-6\"><div class=\"blog-inner\"><div class=\"media\"><div class=\"post-thumb\"><img loading=\"lazy\" decoding=\"async\" height=\"600\" width=\"767\" class=\"img-fluid\" alt=\"Projet DIASDEV : La CDD pr\u00e9sente ses r\u00e9sultats et perspectives\" src=\"https:\/\/cdd.gov.mr\/wp-content\/uploads\/2025\/01\/IMG_4719-Avecaccentuation-Bruit-23-767x600.png\"\/><\/div><!-- .post-thumb --><div class=\"media-body\"><div class=\"top-meta clearfix\"><ul class=\"nav top-meta-list meta-left\"><li><div class=\"post-date\"><a href=\"https:\/\/cdd.gov.mr\/fr\/2024\/11\/21\/\" ><i class=\"ti-calendar\"><\/i> novembre 21, 2024<\/a><\/div><\/li><\/ul><\/div><div class=\"entry-title\"><h4 class=\"post-title-head\"><a href=\"https:\/\/cdd.gov.mr\/fr\/2024\/11\/21\/projet-diasdev-la-cdd-presente-ses-resultats-et-perspectives\/\" class=\"post-title\">Projet DIASDEV : La CDD pr\u00e9sente ses r\u00e9sultats et perspectives<\/a><\/h4><\/div><!-- .entry-title --><div class=\"bottom-meta clearfix\"><ul class=\"nav bottom-meta-list meta-left\"><li><div class=\"post-more\"><a class=\"read-more\" href=\"https:\/\/cdd.gov.mr\/fr\/2024\/11\/21\/projet-diasdev-la-cdd-presente-ses-resultats-et-perspectives\/\">Read More<\/a><\/div><\/li><\/ul><\/div><\/div><!-- .media-body --><\/div><!-- .media --><\/div><!-- .blog-inner --><\/div><!-- .col \/ .owl-carousel-item \/ .isotope --><div class=\"col-lg-6 col-md-6\"><div class=\"blog-inner\"><div class=\"media\"><div class=\"post-thumb\"><img loading=\"lazy\" decoding=\"async\" height=\"600\" width=\"767\" class=\"img-fluid\" alt=\"Le Club DSI du forum des caisses des d\u00e9p\u00f4ts s&rsquo;est r\u00e9uni \u00e0 Hammamet\" src=\"https:\/\/cdd.gov.mr\/wp-content\/uploads\/2025\/01\/20241108_113559-767x600.jpg\"\/><\/div><!-- .post-thumb --><div class=\"media-body\"><div class=\"top-meta clearfix\"><ul class=\"nav top-meta-list meta-left\"><li><div class=\"post-date\"><a href=\"https:\/\/cdd.gov.mr\/fr\/2024\/11\/09\/\" ><i class=\"ti-calendar\"><\/i> novembre 9, 2024<\/a><\/div><\/li><\/ul><\/div><div class=\"entry-title\"><h4 class=\"post-title-head\"><a href=\"https:\/\/cdd.gov.mr\/fr\/2024\/11\/09\/le-club-dsi-du-forum-des-caisses-des-depots-sest-reuni-a-hammamet\/\" class=\"post-title\">Le Club DSI du forum des caisses des d\u00e9p\u00f4ts s&rsquo;est r\u00e9uni \u00e0 Hammamet<\/a><\/h4><\/div><!-- .entry-title --><div class=\"bottom-meta clearfix\"><ul class=\"nav bottom-meta-list meta-left\"><li><div class=\"post-more\"><a class=\"read-more\" href=\"https:\/\/cdd.gov.mr\/fr\/2024\/11\/09\/le-club-dsi-du-forum-des-caisses-des-depots-sest-reuni-a-hammamet\/\">Read More<\/a><\/div><\/li><\/ul><\/div><\/div><!-- .media-body --><\/div><!-- .media --><\/div><!-- .blog-inner --><\/div><!-- .col \/ .owl-carousel-item \/ .isotope --><\/div><!-- .row -->\t\t\t\r\n\t\t<\/div>\r\n\t\t\t\t<\/div>\n\t\t\t\t\t<\/div>\n\t\t<\/div>\n\t\t\t\t\t<\/div>\n\t\t<\/section>\n\t\t\t\t<\/div>\n\t\t","protected":false},"excerpt":{"rendered":"<p>April 21, 2020 Bigger home is the goal right? Read More April 19, 2019 Choosing right education loan Read More April 19, 2019 Business financing loans Read More April 19, 2019 Better tips for saving money Read More April 19, 2019 Reduce Your Home Loan Rate Read More April 19, 2019 Friendly Business Policies Read<\/p>\n","protected":false},"author":1,"featured_media":0,"parent":0,"menu_order":0,"comment_status":"closed","ping_status":"closed","template":"","meta":{"footnotes":""},"class_list":["post-16983","page","type-page","status-publish","hentry"],"_links":{"self":[{"href":"https:\/\/cdd.gov.mr\/fr\/wp-json\/wp\/v2\/pages\/16983","targetHints":{"allow":["GET"]}}],"collection":[{"href":"https:\/\/cdd.gov.mr\/fr\/wp-json\/wp\/v2\/pages"}],"about":[{"href":"https:\/\/cdd.gov.mr\/fr\/wp-json\/wp\/v2\/types\/page"}],"author":[{"embeddable":true,"href":"https:\/\/cdd.gov.mr\/fr\/wp-json\/wp\/v2\/users\/1"}],"replies":[{"embeddable":true,"href":"https:\/\/cdd.gov.mr\/fr\/wp-json\/wp\/v2\/comments?post=16983"}],"version-history":[{"count":0,"href":"https:\/\/cdd.gov.mr\/fr\/wp-json\/wp\/v2\/pages\/16983\/revisions"}],"wp:attachment":[{"href":"https:\/\/cdd.gov.mr\/fr\/wp-json\/wp\/v2\/media?parent=16983"}],"curies":[{"name":"wp","href":"https:\/\/api.w.org\/{rel}","templated":true}]}}