{"id":13026,"date":"2020-06-12T02:36:16","date_gmt":"2020-06-12T02:36:16","guid":{"rendered":"http:\/\/demo.zozothemes.com\/import\/uploads-temp\/lendiz\/?page_id=13026"},"modified":"2025-02-13T16:56:19","modified_gmt":"2025-02-13T16:56:19","slug":"a-propos","status":"publish","type":"page","link":"https:\/\/cdd.gov.mr\/fr\/a-propos\/","title":{"rendered":"\u00c0 Propos"},"content":{"rendered":"\t\t<div data-elementor-type=\"wp-page\" data-elementor-id=\"13026\" class=\"elementor elementor-13026\">\n\t\t\t\t<div class=\"elementor-element elementor-element-72e223f e-flex e-con-boxed e-con e-parent\" data-id=\"72e223f\" data-element_type=\"container\">\n\t\t\t\t\t<div class=\"e-con-inner\">\n\t\t<div class=\"elementor-element elementor-element-e4d7b28 e-con-full e-flex e-con e-child\" data-id=\"e4d7b28\" data-element_type=\"container\">\n\t\t\t\t<div class=\"elementor-element elementor-element-4159919 before-pattern elementor-widget elementor-widget-image\" data-id=\"4159919\" data-element_type=\"widget\" data-widget_type=\"image.default\">\n\t\t\t\t<div class=\"elementor-widget-container\">\n\t\t\t\t\t\t\t\t\t\t\t\t\t\t\t<img fetchpriority=\"high\" decoding=\"async\" width=\"1200\" height=\"720\" src=\"https:\/\/cdd.gov.mr\/wp-content\/uploads\/2020\/01\/pro-1-1-1.jpg\" class=\"attachment-full size-full wp-image-15010\" alt=\"\" \/>\t\t\t\t\t\t\t\t\t\t\t\t\t\t\t<\/div>\n\t\t\t\t<\/div>\n\t\t\t\t<\/div>\n\t\t<div class=\"elementor-element elementor-element-4db5d5b e-con-full e-flex e-con e-child\" data-id=\"4db5d5b\" data-element_type=\"container\">\n\t\t\t\t<div class=\"elementor-element elementor-element-47d0bd9 elementor-widget elementor-widget-lendizsectiontitle\" data-id=\"47d0bd9\" data-element_type=\"widget\" data-widget_type=\"lendizsectiontitle.default\">\n\t\t\t\t<div class=\"elementor-widget-container\">\n\t\t\t\t\t<div class=\"section-title-wrapper margin-bottom-0\"><div class=\"title-wrap\"><span class=\"sub-title\">\u00c0 Propos<\/span><h2 class=\"section-title\">La Caisse des D\u00e9p\u00f4ts et de D\u00e9veloppement<\/h2><\/div><!-- .title-wrap --><div class=\"section-description\"><p class=\"txt\">La Caisse des D\u00e9p\u00f4ts et de D\u00e9veloppement (CDD) est un \u00e9tablissement public \u00e0 statut sp\u00e9cial b\u00e9n\u00e9ficiant de l\u2019autonomie financi\u00e8re et plac\u00e9e sous les Hautes Autorit\u00e9s du pays. Elle est soumise au contr\u00f4le de la Cour des Comptes et du Parlement.\n\nLa CDD est un acteur financier qui r\u00e9alise des investissements \u00e0 court, moyen, et long termes. <\/p><\/div><!-- .section-description --><\/div><!-- .section-title-wrapper -->\t\t\t\t<\/div>\n\t\t\t\t<\/div>\n\t\t\t\t<\/div>\n\t\t\t\t\t<\/div>\n\t\t\t\t<\/div>\n\t\t<div class=\"elementor-element elementor-element-a3ba867 e-flex e-con-boxed e-con e-parent\" data-id=\"a3ba867\" data-element_type=\"container\">\n\t\t\t\t\t<div class=\"e-con-inner\">\n\t\t\t\t<div class=\"elementor-element elementor-element-dad81ec elementor-widget elementor-widget-text-editor\" data-id=\"dad81ec\" data-element_type=\"widget\" data-widget_type=\"text-editor.default\">\n\t\t\t\t<div class=\"elementor-widget-container\">\n\t\t\t\t\t\t\t\t\t<p>Elle a aussi pour mission de g\u00e9rer des projets ou des fonds sous mandat et peut filialiser un certain nombre d\u2019activit\u00e9s.<\/p><p>Sa cr\u00e9ation est venue pour r\u00e9pondre \u00e0 la persistance de d\u00e9fis structurels de l\u2019\u00e9conomie du pays dont les solutions n\u00e9cessitent la mise en place d\u2019une institution ind\u00e9pendante, dot\u00e9e d\u2019une bonne gouvernance et d\u2019une large autonomie de gestion, de moyens financiers, op\u00e9rationnels et humains importants et de l\u2019assistance de partenaires ext\u00e9rieurs. Elle compl\u00e8te le paysage financier national par son positionnement comme acteur de financement de projets \u00e0 moyen et long terme et comme une banque g\u00e9rant la tr\u00e9sorerie des \u00e9tablissements publics.<\/p><p>La CDD compte aujourd\u2019hui plus de 130 employ\u00e9s permanents r\u00e9partis sur 13 agences et repr\u00e9sentations dans le pays. Elle a atteint, au 31.12.2015, un total de bilan de 94 milliards.<\/p><p>Son action couvre un champ assez large allant du financement des Tr\u00e8s Petites Entreprises (TPE) \u00e0 l\u2019appui aux politiques sectorielles suivies par le Gouvernement dans plusieurs domaines dont l\u2019agriculture, l\u2019habitat, l\u2019industrie, les services et le d\u00e9veloppement du secteur financier.<\/p><p>La Caisse est scind\u00e9e en deux bras op\u00e9rationnels :<\/p><p>La Direction des D\u00e9p\u00f4ts et Consignations est un investisseur financier \u00e0 court terme.<\/p><p>A l\u2019instar des Caisses des D\u00e9p\u00f4ts et consignations existantes dans d\u2019autres pays, la direction des d\u00e9p\u00f4ts et consignations est charg\u00e9e, au sein de la CDD, de recevoir et de g\u00e9rer les d\u00e9p\u00f4ts r\u00e9glement\u00e9s et les consignations administratives et judiciaires ainsi que les cautionnements. Elle peut en outre emprunter sur les march\u00e9s et sera en charge de d\u00e9velopper toute autre forme de ressources pour la Caisse pour accro\u00eetre l\u2019\u00e9pargne disponible de l\u2019\u00e9conomie mauritanienne, notamment l\u2019\u00e9pargne populaire.<\/p><p>L\u2019emploi de ces ressources sera essentiellement d\u00e9di\u00e9 \u00e0 des investissements \u00e0 court terme pour le compte propre de la Caisse, notamment en bons du Tr\u00e9sor afin de g\u00e9n\u00e9rer des revenus stables dans la dur\u00e9e. La CDD pourrait en outre participer au financement \u00e0 court terme des collectivit\u00e9s locales dans le cadre d\u2019un m\u00e9canisme financier adoss\u00e9 au versement par l\u2019Etat de la dotation d\u2019investissement annuelle et dans le but d\u2019en am\u00e9liorer l\u2019efficacit\u00e9.<\/p><p>La Direction des D\u00e9p\u00f4ts et Consignations a en outre pour mission d\u2019assurer les services relatifs aux caisses ou aux fonds dont la gestion lui a \u00e9t\u00e9 confi\u00e9e et d\u2019effectuer des op\u00e9rations de banque n\u2019entrant pas dans le champ d\u2019application de la direction du d\u00e9veloppement. Elle pourra notamment prendre, pour le compte de la caisse, des mesures de couverture des risques.<\/p><p>La Direction du D\u00e9veloppement est un investisseur financier \u00e0 moyen et long terme.<\/p><p>La Direction du D\u00e9veloppement a pour mission, au sein de la CDD, de contribuer au d\u00e9veloppement \u00e9conomique et au progr\u00e8s social durables de la Mauritanie. Dans ce cadre, la direction du d\u00e9veloppement a pour missions de mobiliser des ressources, notamment aupr\u00e8s des partenaires au d\u00e9veloppement de la Mauritanie, pour financer des projets et programmes d\u2019investissement qui tendent au d\u00e9veloppement \u00e9conomique et social de la Mauritanie.<\/p><p>Elle emprunte \u00e0 court, moyen et long terme, soit aupr\u00e8s d\u2019organismes financiers internationaux ou \u00e9trangers, soit par \u00e9mission de bons, de billets, de valeurs mobili\u00e8res ou de tout autre titre de cr\u00e9ance. La direction du d\u00e9veloppement re\u00e7oit en outre les d\u00e9p\u00f4ts issus de l\u2019aide internationale dans les conditions convenues avec les donateurs et partenaires au d\u00e9veloppement.<\/p><p>La Direction du D\u00e9veloppement pourra accorder des financements soit dans le cadre d\u2019une gestion sous mandat dans le cadre d\u2019un accord conclu avec un partenaire au d\u00e9veloppement, soit dans le cadre d\u2019une gestion pour compte propre. Lorsque la Direction du D\u00e9veloppement interviendra pour compte propre, la loi pr\u00e9voit que le b\u00e9n\u00e9ficiaire du pr\u00eat devra avoir obtenu, dans le cadre de son projet de d\u00e9veloppement, un co-financement de la part d\u2019un autre \u00e9tablissement bancaire mauritanien.<\/p><p>Les ressources de la Direction du D\u00e9veloppement sont toujours et \u00e0 tous \u00e9gards maintenues, employ\u00e9es, engag\u00e9es, investies ou de toute autre mani\u00e8re utilis\u00e9e dans le plus strict respect de la s\u00e9paration des ressources de la Direction des D\u00e9p\u00f4ts et Consignations. Elles demeurent totalement distinctes des ressources et emplois de la Direction des D\u00e9p\u00f4ts et Consignations.<\/p>\t\t\t\t\t\t\t\t<\/div>\n\t\t\t\t<\/div>\n\t\t\t\t\t<\/div>\n\t\t\t\t<\/div>\n\t\t\t\t<\/div>\n\t\t","protected":false},"excerpt":{"rendered":"<p>\u00c0 Propos La Caisse des D\u00e9p\u00f4ts et de D\u00e9veloppement La Caisse des D\u00e9p\u00f4ts et de D\u00e9veloppement (CDD) est un \u00e9tablissement public \u00e0 statut sp\u00e9cial b\u00e9n\u00e9ficiant de l\u2019autonomie financi\u00e8re et plac\u00e9e sous les Hautes Autorit\u00e9s du pays. Elle est soumise au contr\u00f4le de la Cour des Comptes et du Parlement. La CDD est un acteur financier<\/p>\n","protected":false},"author":1,"featured_media":0,"parent":0,"menu_order":0,"comment_status":"closed","ping_status":"closed","template":"","meta":{"footnotes":""},"class_list":["post-13026","page","type-page","status-publish","hentry"],"_links":{"self":[{"href":"https:\/\/cdd.gov.mr\/fr\/wp-json\/wp\/v2\/pages\/13026","targetHints":{"allow":["GET"]}}],"collection":[{"href":"https:\/\/cdd.gov.mr\/fr\/wp-json\/wp\/v2\/pages"}],"about":[{"href":"https:\/\/cdd.gov.mr\/fr\/wp-json\/wp\/v2\/types\/page"}],"author":[{"embeddable":true,"href":"https:\/\/cdd.gov.mr\/fr\/wp-json\/wp\/v2\/users\/1"}],"replies":[{"embeddable":true,"href":"https:\/\/cdd.gov.mr\/fr\/wp-json\/wp\/v2\/comments?post=13026"}],"version-history":[{"count":47,"href":"https:\/\/cdd.gov.mr\/fr\/wp-json\/wp\/v2\/pages\/13026\/revisions"}],"predecessor-version":[{"id":19085,"href":"https:\/\/cdd.gov.mr\/fr\/wp-json\/wp\/v2\/pages\/13026\/revisions\/19085"}],"wp:attachment":[{"href":"https:\/\/cdd.gov.mr\/fr\/wp-json\/wp\/v2\/media?parent=13026"}],"curies":[{"name":"wp","href":"https:\/\/api.w.org\/{rel}","templated":true}]}}